{"id":3547,"date":"2019-08-01T21:06:10","date_gmt":"2019-08-01T19:06:10","guid":{"rendered":"https:\/\/www.airport-parking-software.com\/questions-reponses\/"},"modified":"2019-08-01T21:06:12","modified_gmt":"2019-08-01T19:06:12","slug":"questions-reponses","status":"publish","type":"page","link":"https:\/\/www.airport-parking-software.com\/fr\/questions-reponses\/","title":{"rendered":"QUESTIONS-R\u00c9PONSES"},"content":{"rendered":"<section class=\"l-section wpb_row height_medium\"><div class=\"l-section-h i-cf\"><div class=\"g-cols vc_row via_flex valign_top type_default stacking_default\"><div class=\"vc_col-sm-12 wpb_column vc_column_container\"><div class=\"vc_column-inner\"><div class=\"wpb_wrapper\"><div class=\"wpb_text_column\"><div class=\"wpb_wrapper\"><h1> Foire aux questions sur les logiciels de stationnement a\u00e9roportuaire <\/h1>\n<p> Foire aux questions<br \/>\nNous avons rassembl\u00e9 ici les questions les plus fr\u00e9quemment pos\u00e9es par nos clients.<\/p>\n<\/div><\/div><div class=\"w-separator size_medium\"><\/div><div class=\"w-tabs style_default switch_click accordion has_scrolling\" style=\"--sections-title-size:inherit\"><div class=\"w-tabs-sections titles-align_none icon_chevron cpos_right\"><div class=\"w-tabs-section\" id=\"q8c4\"><button class=\"w-tabs-section-header\" aria-controls=\"content-q8c4\" aria-expanded=\"false\"><div class=\"w-tabs-section-title\">Dois-je louer le logiciel Airport Parking ou puis-je l&#8217;acheter ?<\/div><div class=\"w-tabs-section-control\"><\/div><\/button><div  class=\"w-tabs-section-content\" id=\"content-q8c4\"><div class=\"w-tabs-section-content-h i-cf\"><div class=\"wpb_text_column\"><div class=\"wpb_wrapper\"><p><span style=\"font-weight : 400 ;\">Bien s\u00fbr vous pouvez aussi acheter le logiciel, demandez-nous ! Nous serons heureux de vous faire une offre d&#8217;achat attrayante. \u00e9tendue> <\/span><\/p>\n<\/div><\/div><\/div><\/div><\/div><div class=\"w-tabs-section\" id=\"nb82\"><button class=\"w-tabs-section-header\" aria-controls=\"content-nb82\" aria-expanded=\"false\"><div class=\"w-tabs-section-title\">Ai-je besoin d&#8217;un nouveau site Web pour utiliser le logiciel Airport Parking ?<\/div><div class=\"w-tabs-section-control\"><\/div><\/button><div  class=\"w-tabs-section-content\" id=\"content-nb82\"><div class=\"w-tabs-section-content-h i-cf\"><div class=\"wpb_text_column\"><div class=\"wpb_wrapper\"><p><span style=\"font-weight : 400 ;\">Pas n\u00e9cessairement. Nous pouvons incorporer les formulaires de r\u00e9servation dans presque tous les sites Web.\u00a0<\/\u00e9tendue> <\/span\n\n<span style=\"font-weight : 400 ;\">Mais selon la situation, il peut \u00eatre utile de penser \u00e0 un nouveau site Web mobile. Surtout si votre site n&#8217;est pas r\u00e9actif et optimis\u00e9 pour les moteurs de recherche, cet investissement en vaut la peine. Demandez-nous une offre.<\/span><\/p>\n<\/div><\/div><\/div><\/div><\/div><div class=\"w-tabs-section\" id=\"ae1f\"><button class=\"w-tabs-section-header\" aria-controls=\"content-ae1f\" aria-expanded=\"false\"><div class=\"w-tabs-section-title\">Airport-Parking-Software est-il disponible en plusieurs langues ?<\/div><div class=\"w-tabs-section-control\"><\/div><\/button><div  class=\"w-tabs-section-content\" id=\"content-ae1f\"><div class=\"w-tabs-section-content-h i-cf\"><div class=\"wpb_text_column\"><div class=\"wpb_wrapper\"><p><span style=\"font-weight: 400;\">Grunds\u00e4tzlich k\u00f6nnen Sie selbst alle Textbausteine der Airport-Parking-Software in jede Sprache \u00fcbersetzen die Sie m\u00f6chten. Die Vorlagenversion ist in deutsch, englisch &amp; spanisch vorhanden<\/span><\/p>\n<\/div><\/div><\/div><\/div><\/div><div class=\"w-tabs-section\" id=\"j0d0\"><button class=\"w-tabs-section-header\" aria-controls=\"content-j0d0\" aria-expanded=\"false\"><div class=\"w-tabs-section-title\">Puis-je offrir des services de voiturier et de navette avec le Airport-Parking-Software ?<\/div><div class=\"w-tabs-section-control\"><\/div><\/button><div  class=\"w-tabs-section-content\" id=\"content-j0d0\"><div class=\"w-tabs-section-content-h i-cf\"><div class=\"wpb_text_column\"><div class=\"wpb_wrapper\"><p><span style=\"font-weight : 400 ;\">Oui, vous pouvez activer et d\u00e9sactiver de mani\u00e8re flexible les variantes suivantes et les calculer <\/span>.<\/p>\n<p><span style=\"font-weight : 400 ;\">Parking ext\u00e9rieur Parking &#038;amp ; Shuttle &lt;-&#038;gt ; Valet-Service<\/span><\/p>\n<p><span style=\"font-weight : 400 ;\">Jew apr\u00e8s la configuration, ces options sont alors s\u00e9lectionnables dans le formulaire de r\u00e9servation.<\/span>.<\/p>\n<\/div><\/div><\/div><\/div><\/div><div class=\"w-tabs-section\" id=\"f340\"><button class=\"w-tabs-section-header\" aria-controls=\"content-f340\" aria-expanded=\"false\"><div class=\"w-tabs-section-title\">Comment les clients re\u00e7oivent-ils les confirmations de r\u00e9servation et les factures ?<\/div><div class=\"w-tabs-section-control\"><\/div><\/button><div  class=\"w-tabs-section-content\" id=\"content-f340\"><div class=\"w-tabs-section-content-h i-cf\"><div class=\"wpb_text_column\"><div class=\"wpb_wrapper\"><p><span style=\"font-weight : 400 ;\">Une fois la r\u00e9servation effectu\u00e9e, le client re\u00e7oit automatiquement une confirmation de r\u00e9servation par e-mail. Les factures par pdf. peuvent \u00eatre envoy\u00e9es au client d\u00e8s que les r\u00e9servations ont \u00e9t\u00e9 pay\u00e9es. Ceci peut \u00eatre fait par n&#8217;importe quel employ\u00e9, m\u00eame par t\u00e9l\u00e9phone portable, s&#8217;il a le droit de recevoir des factures. <\/\u00e9tendue> <\/span><\/p>\n<\/div><\/div><\/div><\/div><\/div><div class=\"w-tabs-section\" id=\"h5b4\"><button class=\"w-tabs-section-header\" aria-controls=\"content-h5b4\" aria-expanded=\"false\"><div class=\"w-tabs-section-title\">Mes clients peuvent-ils r\u00e9server leurs r\u00e9servations de stationnement en ligne et payer imm\u00e9diatement ?<\/div><div class=\"w-tabs-section-control\"><\/div><\/button><div  class=\"w-tabs-section-content\" id=\"content-h5b4\"><div class=\"w-tabs-section-content-h i-cf\"><div class=\"wpb_text_column\"><div class=\"wpb_wrapper\"><p><span style=\"font-weight : 400 ;\">Bien s\u00fbr ! Out of the Box : Paypal, Sofort\u00fcberweisung et tous les principaux fournisseurs de cartes de cr\u00e9dit.\u00a0<\/\u00e9tendue> <\/span\n\n<span style=\"font-weight : 400 ;\">Nous avons une interface pr\u00eate \u00e0 l&#8217;emploi avec l&#8217;un des plus grands fournisseurs de paiement en ligne pour le commerce \u00e9lectronique, avec des conditions optimales pour les terminaux de paiement en ligne et de cartes mobiles. <\/\u00e9tendue> <\/span><\/p>\n<\/div><\/div><\/div><\/div><\/div><div class=\"w-tabs-section\" id=\"y826\"><button class=\"w-tabs-section-header\" aria-controls=\"content-y826\" aria-expanded=\"false\"><div class=\"w-tabs-section-title\">Sur quel type de serveur web le logiciel Airport Parking fonctionne-t-il ?<\/div><div class=\"w-tabs-section-control\"><\/div><\/button><div  class=\"w-tabs-section-content\" id=\"content-y826\"><div class=\"w-tabs-section-content-h i-cf\"><div class=\"wpb_text_column\"><div class=\"wpb_wrapper\"><p><span style=\"font-weight : 400 ;\">Qu&#8217;il s&#8217;agisse d&#8217;une version de location ou d&#8217;achat : Le logiciel Airport Parking fonctionne sur n&#8217;importe quel serveur web populaire \/ pack d&#8217;h\u00e9bergement avec bases de donn\u00e9es SQL &#038;amp ; PHP 7.X<\/span>.<\/p>\n<p><span style=\"font-weight : 400 ;\">Avec une connexion Internet et n&#8217;importe quel navigateur actuel vous pouvez travailler avec le logiciel Airport Parking.<\/span><\/p>\n<\/div><\/div><\/div><\/div><\/div><\/div><\/div><\/div><\/div><\/div><\/div><\/div><\/section><section class=\"l-section wpb_row height_medium\"><div class=\"l-section-h i-cf\"><div class=\"g-cols vc_row via_flex valign_top type_default stacking_default\"><div class=\"vc_col-sm-12 wpb_column vc_column_container\"><div class=\"vc_column-inner\"><div class=\"wpb_wrapper\"><div class=\"w-actionbox color_primary controls_right\"><div class=\"w-actionbox-text\"><h2 class=\"w-actionbox-title\">Vous avez une autre question importante ?<\/h2><div class=\"w-actionbox-description\"><p><span style=\"font-weight : 400 ;\">Qu&#8217;il s&#8217;agisse d&#8217;une version de location ou d&#8217;achat : Le logiciel Airport Parking fonctionne sur n&#8217;importe quel serveur web populaire \/ pack d&#8217;h\u00e9bergement avec bases de donn\u00e9es SQL &#038;amp ; PHP 7.X<\/span>.<\/p>\n<p><span style=\"font-weight : 400 ;\">Avec une connexion Internet et n&#8217;importe quel navigateur actuel vous pouvez travailler avec le logiciel Airport Parking.<\/span><\/p>\n<\/div><\/div><div class=\"w-actionbox-controls\"><a class=\"w-btn us-btn-style_5 icon_atleft\" title=\"Nous contacter\" href=\"\/?page_id=11\"><i class=\"fas fa-envelope\"><\/i><span class=\"w-btn-label\">Renseignez-vous sur<\/span><\/a><\/div><\/div><\/div><\/div><\/div><\/div><\/div><\/section>\n","protected":false},"excerpt":{"rendered":"Foire aux questions sur les logiciels de stationnement a\u00e9roportuaire Foire aux questions Nous avons rassembl\u00e9 ici les questions les plus fr\u00e9quemment pos\u00e9es par nos clients. Dois-je louer le logiciel Airport Parking ou puis-je l&#8217;acheter ?Bien s\u00fbr vous pouvez aussi acheter le logiciel, demandez-nous ! Nous serons heureux de vous faire une offre d&#8217;achat attrayante. \u00e9tendue>...","protected":false},"author":1,"featured_media":0,"parent":0,"menu_order":0,"comment_status":"closed","ping_status":"closed","template":"","meta":{"footnotes":""},"class_list":["post-3547","page","type-page","status-publish","hentry"],"yoast_head":"<!-- This site is optimized with the Yoast SEO plugin v24.8.1 - https:\/\/yoast.com\/wordpress\/plugins\/seo\/ -->\n<title>Votre foire aux questions sur les Airport-Parking-Software<\/title>\n<meta name=\"description\" content=\"Nous avons rassembl\u00e9 ici les questions les plus fr\u00e9quemment pos\u00e9es par nos clients sur les logiciels de parking a\u00e9roportuaire. Ce que le logiciel fait et ne fait pas.\" \/>\n<meta name=\"robots\" content=\"index, follow, max-snippet:-1, max-image-preview:large, max-video-preview:-1\" \/>\n<link rel=\"canonical\" href=\"https:\/\/www.airport-parking-software.com\/fr\/questions-reponses\/\" \/>\n<meta property=\"og:locale\" content=\"fr_FR\" \/>\n<meta property=\"og:type\" content=\"article\" \/>\n<meta property=\"og:title\" content=\"Votre foire aux questions sur les Airport-Parking-Software\" \/>\n<meta property=\"og:description\" content=\"Nous avons rassembl\u00e9 ici les questions les plus fr\u00e9quemment pos\u00e9es par nos clients sur les logiciels de parking a\u00e9roportuaire. Ce que le logiciel fait et ne fait pas.\" \/>\n<meta property=\"og:url\" content=\"https:\/\/www.airport-parking-software.com\/fr\/questions-reponses\/\" \/>\n<meta property=\"og:site_name\" content=\"Airport-Parking-Software.com - Die L\u00f6sung f\u00fcr Ihren Parkplatz am Flughafen\" \/>\n<meta property=\"article:modified_time\" content=\"2019-08-01T19:06:12+00:00\" \/>\n<meta name=\"twitter:card\" content=\"summary_large_image\" \/>\n<meta name=\"twitter:label1\" content=\"Dur\u00e9e de lecture estim\u00e9e\" \/>\n\t<meta name=\"twitter:data1\" content=\"1 minute\" \/>\n<script type=\"application\/ld+json\" class=\"yoast-schema-graph\">{\"@context\":\"https:\/\/schema.org\",\"@graph\":[{\"@type\":\"WebPage\",\"@id\":\"https:\/\/www.airport-parking-software.com\/fr\/questions-reponses\/\",\"url\":\"https:\/\/www.airport-parking-software.com\/fr\/questions-reponses\/\",\"name\":\"Votre foire aux questions sur les Airport-Parking-Software\",\"isPartOf\":{\"@id\":\"https:\/\/www.airport-parking-software.com\/fr\/#website\"},\"datePublished\":\"2019-08-01T19:06:10+00:00\",\"dateModified\":\"2019-08-01T19:06:12+00:00\",\"description\":\"Nous avons rassembl\u00e9 ici les questions les plus fr\u00e9quemment pos\u00e9es par nos clients sur les logiciels de parking a\u00e9roportuaire. Ce que le logiciel fait et ne fait pas.\",\"breadcrumb\":{\"@id\":\"https:\/\/www.airport-parking-software.com\/fr\/questions-reponses\/#breadcrumb\"},\"inLanguage\":\"fr-FR\",\"potentialAction\":[{\"@type\":\"ReadAction\",\"target\":[\"https:\/\/www.airport-parking-software.com\/fr\/questions-reponses\/\"]}]},{\"@type\":\"BreadcrumbList\",\"@id\":\"https:\/\/www.airport-parking-software.com\/fr\/questions-reponses\/#breadcrumb\",\"itemListElement\":[{\"@type\":\"ListItem\",\"position\":1,\"name\":\"Startseite\",\"item\":\"https:\/\/www.airport-parking-software.com\/fr\/\"},{\"@type\":\"ListItem\",\"position\":2,\"name\":\"QUESTIONS-R\u00c9PONSES\"}]},{\"@type\":\"WebSite\",\"@id\":\"https:\/\/www.airport-parking-software.com\/fr\/#website\",\"url\":\"https:\/\/www.airport-parking-software.com\/fr\/\",\"name\":\"Airport-Parking-Software.com | Die L\u00f6sung f\u00fcr Ihren Parkplatz am Flughafen\",\"description\":\"\",\"potentialAction\":[{\"@type\":\"SearchAction\",\"target\":{\"@type\":\"EntryPoint\",\"urlTemplate\":\"https:\/\/www.airport-parking-software.com\/fr\/?s={search_term_string}\"},\"query-input\":{\"@type\":\"PropertyValueSpecification\",\"valueRequired\":true,\"valueName\":\"search_term_string\"}}],\"inLanguage\":\"fr-FR\"}]}<\/script>\n<!-- \/ Yoast SEO plugin. -->","yoast_head_json":{"title":"Votre foire aux questions sur les Airport-Parking-Software","description":"Nous avons rassembl\u00e9 ici les questions les plus fr\u00e9quemment pos\u00e9es par nos clients sur les logiciels de parking a\u00e9roportuaire. Ce que le logiciel fait et ne fait pas.","robots":{"index":"index","follow":"follow","max-snippet":"max-snippet:-1","max-image-preview":"max-image-preview:large","max-video-preview":"max-video-preview:-1"},"canonical":"https:\/\/www.airport-parking-software.com\/fr\/questions-reponses\/","og_locale":"fr_FR","og_type":"article","og_title":"Votre foire aux questions sur les Airport-Parking-Software","og_description":"Nous avons rassembl\u00e9 ici les questions les plus fr\u00e9quemment pos\u00e9es par nos clients sur les logiciels de parking a\u00e9roportuaire. Ce que le logiciel fait et ne fait pas.","og_url":"https:\/\/www.airport-parking-software.com\/fr\/questions-reponses\/","og_site_name":"Airport-Parking-Software.com - Die L\u00f6sung f\u00fcr Ihren Parkplatz am Flughafen","article_modified_time":"2019-08-01T19:06:12+00:00","twitter_card":"summary_large_image","twitter_misc":{"Dur\u00e9e de lecture estim\u00e9e":"1 minute"},"schema":{"@context":"https:\/\/schema.org","@graph":[{"@type":"WebPage","@id":"https:\/\/www.airport-parking-software.com\/fr\/questions-reponses\/","url":"https:\/\/www.airport-parking-software.com\/fr\/questions-reponses\/","name":"Votre foire aux questions sur les Airport-Parking-Software","isPartOf":{"@id":"https:\/\/www.airport-parking-software.com\/fr\/#website"},"datePublished":"2019-08-01T19:06:10+00:00","dateModified":"2019-08-01T19:06:12+00:00","description":"Nous avons rassembl\u00e9 ici les questions les plus fr\u00e9quemment pos\u00e9es par nos clients sur les logiciels de parking a\u00e9roportuaire. Ce que le logiciel fait et ne fait pas.","breadcrumb":{"@id":"https:\/\/www.airport-parking-software.com\/fr\/questions-reponses\/#breadcrumb"},"inLanguage":"fr-FR","potentialAction":[{"@type":"ReadAction","target":["https:\/\/www.airport-parking-software.com\/fr\/questions-reponses\/"]}]},{"@type":"BreadcrumbList","@id":"https:\/\/www.airport-parking-software.com\/fr\/questions-reponses\/#breadcrumb","itemListElement":[{"@type":"ListItem","position":1,"name":"Startseite","item":"https:\/\/www.airport-parking-software.com\/fr\/"},{"@type":"ListItem","position":2,"name":"QUESTIONS-R\u00c9PONSES"}]},{"@type":"WebSite","@id":"https:\/\/www.airport-parking-software.com\/fr\/#website","url":"https:\/\/www.airport-parking-software.com\/fr\/","name":"Airport-Parking-Software.com | Die L\u00f6sung f\u00fcr Ihren Parkplatz am Flughafen","description":"","potentialAction":[{"@type":"SearchAction","target":{"@type":"EntryPoint","urlTemplate":"https:\/\/www.airport-parking-software.com\/fr\/?s={search_term_string}"},"query-input":{"@type":"PropertyValueSpecification","valueRequired":true,"valueName":"search_term_string"}}],"inLanguage":"fr-FR"}]}},"_links":{"self":[{"href":"https:\/\/www.airport-parking-software.com\/fr\/wp-json\/wp\/v2\/pages\/3547","targetHints":{"allow":["GET"]}}],"collection":[{"href":"https:\/\/www.airport-parking-software.com\/fr\/wp-json\/wp\/v2\/pages"}],"about":[{"href":"https:\/\/www.airport-parking-software.com\/fr\/wp-json\/wp\/v2\/types\/page"}],"author":[{"embeddable":true,"href":"https:\/\/www.airport-parking-software.com\/fr\/wp-json\/wp\/v2\/users\/1"}],"replies":[{"embeddable":true,"href":"https:\/\/www.airport-parking-software.com\/fr\/wp-json\/wp\/v2\/comments?post=3547"}],"version-history":[{"count":1,"href":"https:\/\/www.airport-parking-software.com\/fr\/wp-json\/wp\/v2\/pages\/3547\/revisions"}],"predecessor-version":[{"id":3548,"href":"https:\/\/www.airport-parking-software.com\/fr\/wp-json\/wp\/v2\/pages\/3547\/revisions\/3548"}],"wp:attachment":[{"href":"https:\/\/www.airport-parking-software.com\/fr\/wp-json\/wp\/v2\/media?parent=3547"}],"curies":[{"name":"wp","href":"https:\/\/api.w.org\/{rel}","templated":true}]}}