{"id":3537,"date":"2019-08-01T20:40:40","date_gmt":"2019-08-01T18:40:40","guid":{"rendered":"https:\/\/www.airport-parking-software.com\/agence\/"},"modified":"2019-08-01T20:40:41","modified_gmt":"2019-08-01T18:40:41","slug":"agence","status":"publish","type":"page","link":"https:\/\/www.airport-parking-software.com\/fr\/agence\/","title":{"rendered":"Agence"},"content":{"rendered":"<section class=\"l-section wpb_row height_medium\"><div class=\"l-section-h i-cf\"><div class=\"g-cols vc_row via_flex valign_top type_default stacking_default\"><div class=\"vc_col-sm-12 wpb_column vc_column_container\"><div class=\"vc_column-inner\"><div class=\"wpb_wrapper\"><div class=\"wpb_text_column\"><div class=\"wpb_wrapper\"><h1>4C MEDIA &#8211; PARK &#038;amp ; MORE<<\/h1>\n<p> MORE<\/h1>\n<\/div><\/div><\/div><\/div><\/div><\/div><\/div><\/section><section class=\"l-section wpb_row height_medium\"><div class=\"l-section-h i-cf\"><div class=\"g-cols vc_row via_flex valign_top type_default stacking_default\"><div class=\"vc_col-sm-8 wpb_column vc_column_container\"><div class=\"vc_column-inner\"><div class=\"wpb_wrapper\"><div class=\"wpb_text_column\"><div class=\"wpb_wrapper\"><p>Depuis plus de 15 ans, 4C Media travaille en \u00e9troite collaboration avec divers partenaires professionnels issus d&#8217;un large \u00e9ventail de disciplines en ligne. Le logiciel Airport Parking est disponible depuis 2011 et fonctionne de mani\u00e8re stable pour les clients depuis le tout d\u00e9but.<\/p>\n<p>Depuis 2009, l&#8217;agence se concentre sur le marketing en ligne (SEM).<br \/>\nSurtout sur l&#8217;optimisation des moteurs de recherche (SEO) &#038;amp ; sur l&#8217;optimisation des campagnes Bing ou Google Ads campagnes (SEA).<\/p>\n<p>Nous avons non seulement des ann\u00e9es d&#8217;exp\u00e9rience dans l&#8217;optimisation des processus pour l&#8217;exploitation r\u00e9ussie d&#8217;un parking \u00e0 l&#8217;a\u00e9roport, mais nous avons \u00e9galement d\u00e9velopp\u00e9 de nombreux sites Web pour les clients d&#8217;une grande vari\u00e9t\u00e9 d&#8217;industries et men\u00e9 des campagnes publicitaires en ligne &#038; SEO au succ\u00e8s.<\/p>\n<\/div><\/div><\/div><\/div><\/div><div class=\"vc_col-sm-4 wpb_column vc_column_container\"><div class=\"vc_column-inner\"><div class=\"wpb_wrapper\"><div class=\"w-image style_shadow-1 align_none\"><div class=\"w-image-h\"><img decoding=\"async\" width=\"161\" height=\"235\" src=\"https:\/\/www.airport-parking-software.com\/wp-content\/uploads\/2019\/06\/kaempf-4c-media.jpg\" class=\"attachment-large size-large\" alt=\"\" loading=\"lazy\" \/><\/div><\/div><div class=\"wpb_text_column\"><div class=\"wpb_wrapper\"><petit>Votre personne de contact :<br \/>\nKarl-Georg Kaempf<br \/>\nT\u00e9l\u00e9phone : +49-(0)160 &#8211; 91 31 31 95 41<br \/>\nEMail : karl-georg@4c-media.berlin<\/small>karl-georg@4c-media.berlin<\/p>\n<\/div><\/div><\/div><\/div><\/div><\/div><\/div><\/section><section class=\"l-section wpb_row height_medium\"><div class=\"l-section-h i-cf\"><div class=\"g-cols vc_row via_flex valign_top type_default stacking_default\"><div class=\"vc_col-sm-4 wpb_column vc_column_container\"><div class=\"vc_column-inner\"><div class=\"wpb_wrapper\"><div class=\"wpb_text_column\"><div class=\"wpb_wrapper\"><h2>Dessein<\/h2>\n<ul>\n<li>conception du logo<\/li>\n<li>Coop\u00e9rer Identit\u00e9<\/li>\n<\/ul>\n<\/div><\/div><\/div><\/div><\/div><div class=\"vc_col-sm-4 wpb_column vc_column_container\"><div class=\"vc_column-inner\"><div class=\"wpb_wrapper\"><div class=\"wpb_text_column\"><div class=\"wpb_wrapper\"><h2>Conception de sites web<\/h2>\n<ul>\n<li>Conception Web r\u00e9active<\/li>\n<li>cr\u00e9ation de textes<\/li>\n<li>transposition<\/li>\n<li>Coop\u00e9rer Identit<\/li>\n<\/ul>\n<\/div><\/div><\/div><\/div><\/div><div class=\"vc_col-sm-4 wpb_column vc_column_container\"><div class=\"vc_column-inner\"><div class=\"wpb_wrapper\"><div class=\"wpb_text_column\"><div class=\"wpb_wrapper\"><h2>Marketing en ligne<\/h2>\n<ul>\n<li>Optimisation pour les moteurs de recherche (SEO)<\/li>\n<li>R\u00e9f\u00e9rencement local<\/li>\n<li>Publicit\u00e9 sur les moteurs de recherche (SEA)<\/li>\n<\/ul>\n<\/div><\/div><\/div><\/div><\/div><\/div><\/div><\/section><section class=\"l-section wpb_row height_medium\"><div class=\"l-section-h i-cf\"><div class=\"g-cols vc_row via_flex valign_top type_default stacking_default\"><div class=\"vc_col-sm-12 wpb_column vc_column_container\"><div class=\"vc_column-inner\"><div class=\"wpb_wrapper\"><div class=\"w-separator size_medium\"><\/div><div class=\"wpb_text_column\"><div class=\"wpb_wrapper\"><h2>Programmation individuelle<\/h2>\n<p>Nos d\u00e9veloppeurs parlent tous les langages n\u00e9cessaires au d\u00e9veloppement ou \u00e0 l&#8217;extension d&#8217;applications web.<\/p>\n<\/div><\/div><div class=\"w-separator size_medium\"><\/div><div class=\"wpb_text_column\"><div class=\"wpb_wrapper\"><p>Souhaitez-vous aussi que votre entreprise soit bien g\u00e9r\u00e9e ? Alors demandez-nous ! Nous pouvons vous soutenir activement ou former vos collaborateurs.<\/p>\n<\/div><\/div><\/div><\/div><\/div><\/div><\/div><\/section><section class=\"l-section wpb_row height_medium\"><div class=\"l-section-h i-cf\"><div class=\"g-cols vc_row via_flex valign_top type_default stacking_default\"><div class=\"vc_col-sm-12 wpb_column vc_column_container\"><div class=\"vc_column-inner\"><div class=\"wpb_wrapper\"><div class=\"w-separator size_medium\"><\/div><div class=\"w-btn-wrapper align_center\"><a class=\"w-btn us-btn-style_6\" title=\"Nous contacter\" href=\"\/?page_id=11\"><span class=\"w-btn-label\">Fixez d\u00e8s maintenant un rendez-vous pour une consultation<\/span><\/a><\/div><\/div><\/div><\/div><\/div><\/div><\/section><section class=\"l-section wpb_row height_medium\"><div class=\"l-section-h i-cf\"><div class=\"g-cols vc_row via_flex valign_top type_default stacking_default\"><div class=\"vc_col-sm-4 wpb_column vc_column_container\"><div class=\"vc_column-inner\"><div class=\"wpb_wrapper\"><\/div><\/div><\/div><div class=\"vc_col-sm-4 wpb_column vc_column_container\"><div class=\"vc_column-inner\"><div class=\"wpb_wrapper\"><\/div><\/div><\/div><div class=\"vc_col-sm-4 wpb_column vc_column_container\"><div class=\"vc_column-inner\"><div class=\"wpb_wrapper\"><\/div><\/div><\/div><\/div><\/div><\/section>\n","protected":false},"excerpt":{"rendered":"4C MEDIA &#8211; PARK &#038;amp ; MORE","protected":false},"author":1,"featured_media":0,"parent":0,"menu_order":0,"comment_status":"closed","ping_status":"closed","template":"","meta":{"footnotes":""},"class_list":["post-3537","page","type-page","status-publish","hentry"],"yoast_head":"<!-- This site is optimized with the Yoast SEO plugin v24.8.1 - https:\/\/yoast.com\/wordpress\/plugins\/seo\/ -->\n<title>4C Media Berlin | Plus que des logiciels de parking et du marketing en ligne professionnel<\/title>\n<meta name=\"description\" content=\"4C Media est votre fournisseur de services en mati\u00e8re de conception web et de marketing en ligne, en plus des logiciels de stationnement. Des ann\u00e9es d&#039;exp\u00e9rience = des r\u00e9sultats optimaux -&gt; c&#039;est garanti !\" \/>\n<meta name=\"robots\" content=\"index, follow, max-snippet:-1, max-image-preview:large, max-video-preview:-1\" \/>\n<link rel=\"canonical\" href=\"https:\/\/www.airport-parking-software.com\/fr\/agence\/\" \/>\n<meta property=\"og:locale\" content=\"fr_FR\" \/>\n<meta property=\"og:type\" content=\"article\" \/>\n<meta property=\"og:title\" content=\"4C Media Berlin | Plus que des logiciels de parking et du marketing en ligne professionnel\" \/>\n<meta property=\"og:description\" content=\"4C Media est votre fournisseur de services en mati\u00e8re de conception web et de marketing en ligne, en plus des logiciels de stationnement. Des ann\u00e9es d&#039;exp\u00e9rience = des r\u00e9sultats optimaux -&gt; c&#039;est garanti !\" \/>\n<meta property=\"og:url\" content=\"https:\/\/www.airport-parking-software.com\/fr\/agence\/\" \/>\n<meta property=\"og:site_name\" content=\"Airport-Parking-Software.com - Die L\u00f6sung f\u00fcr Ihren Parkplatz am Flughafen\" \/>\n<meta property=\"article:modified_time\" content=\"2019-08-01T18:40:41+00:00\" \/>\n<meta name=\"twitter:card\" content=\"summary_large_image\" \/>\n<script type=\"application\/ld+json\" class=\"yoast-schema-graph\">{\"@context\":\"https:\/\/schema.org\",\"@graph\":[{\"@type\":\"WebPage\",\"@id\":\"https:\/\/www.airport-parking-software.com\/fr\/agence\/\",\"url\":\"https:\/\/www.airport-parking-software.com\/fr\/agence\/\",\"name\":\"4C Media Berlin | Plus que des logiciels de parking et du marketing en ligne professionnel\",\"isPartOf\":{\"@id\":\"https:\/\/www.airport-parking-software.com\/fr\/#website\"},\"datePublished\":\"2019-08-01T18:40:40+00:00\",\"dateModified\":\"2019-08-01T18:40:41+00:00\",\"description\":\"4C Media est votre fournisseur de services en mati\u00e8re de conception web et de marketing en ligne, en plus des logiciels de stationnement. Des ann\u00e9es d'exp\u00e9rience = des r\u00e9sultats optimaux -> c'est garanti !\",\"breadcrumb\":{\"@id\":\"https:\/\/www.airport-parking-software.com\/fr\/agence\/#breadcrumb\"},\"inLanguage\":\"fr-FR\",\"potentialAction\":[{\"@type\":\"ReadAction\",\"target\":[\"https:\/\/www.airport-parking-software.com\/fr\/agence\/\"]}]},{\"@type\":\"BreadcrumbList\",\"@id\":\"https:\/\/www.airport-parking-software.com\/fr\/agence\/#breadcrumb\",\"itemListElement\":[{\"@type\":\"ListItem\",\"position\":1,\"name\":\"Startseite\",\"item\":\"https:\/\/www.airport-parking-software.com\/fr\/\"},{\"@type\":\"ListItem\",\"position\":2,\"name\":\"Agence\"}]},{\"@type\":\"WebSite\",\"@id\":\"https:\/\/www.airport-parking-software.com\/fr\/#website\",\"url\":\"https:\/\/www.airport-parking-software.com\/fr\/\",\"name\":\"Airport-Parking-Software.com | Die L\u00f6sung f\u00fcr Ihren Parkplatz am Flughafen\",\"description\":\"\",\"potentialAction\":[{\"@type\":\"SearchAction\",\"target\":{\"@type\":\"EntryPoint\",\"urlTemplate\":\"https:\/\/www.airport-parking-software.com\/fr\/?s={search_term_string}\"},\"query-input\":{\"@type\":\"PropertyValueSpecification\",\"valueRequired\":true,\"valueName\":\"search_term_string\"}}],\"inLanguage\":\"fr-FR\"}]}<\/script>\n<!-- \/ Yoast SEO plugin. -->","yoast_head_json":{"title":"4C Media Berlin | Plus que des logiciels de parking et du marketing en ligne professionnel","description":"4C Media est votre fournisseur de services en mati\u00e8re de conception web et de marketing en ligne, en plus des logiciels de stationnement. Des ann\u00e9es d'exp\u00e9rience = des r\u00e9sultats optimaux -> c'est garanti !","robots":{"index":"index","follow":"follow","max-snippet":"max-snippet:-1","max-image-preview":"max-image-preview:large","max-video-preview":"max-video-preview:-1"},"canonical":"https:\/\/www.airport-parking-software.com\/fr\/agence\/","og_locale":"fr_FR","og_type":"article","og_title":"4C Media Berlin | Plus que des logiciels de parking et du marketing en ligne professionnel","og_description":"4C Media est votre fournisseur de services en mati\u00e8re de conception web et de marketing en ligne, en plus des logiciels de stationnement. Des ann\u00e9es d'exp\u00e9rience = des r\u00e9sultats optimaux -> c'est garanti !","og_url":"https:\/\/www.airport-parking-software.com\/fr\/agence\/","og_site_name":"Airport-Parking-Software.com - Die L\u00f6sung f\u00fcr Ihren Parkplatz am Flughafen","article_modified_time":"2019-08-01T18:40:41+00:00","twitter_card":"summary_large_image","schema":{"@context":"https:\/\/schema.org","@graph":[{"@type":"WebPage","@id":"https:\/\/www.airport-parking-software.com\/fr\/agence\/","url":"https:\/\/www.airport-parking-software.com\/fr\/agence\/","name":"4C Media Berlin | Plus que des logiciels de parking et du marketing en ligne professionnel","isPartOf":{"@id":"https:\/\/www.airport-parking-software.com\/fr\/#website"},"datePublished":"2019-08-01T18:40:40+00:00","dateModified":"2019-08-01T18:40:41+00:00","description":"4C Media est votre fournisseur de services en mati\u00e8re de conception web et de marketing en ligne, en plus des logiciels de stationnement. Des ann\u00e9es d'exp\u00e9rience = des r\u00e9sultats optimaux -> c'est garanti !","breadcrumb":{"@id":"https:\/\/www.airport-parking-software.com\/fr\/agence\/#breadcrumb"},"inLanguage":"fr-FR","potentialAction":[{"@type":"ReadAction","target":["https:\/\/www.airport-parking-software.com\/fr\/agence\/"]}]},{"@type":"BreadcrumbList","@id":"https:\/\/www.airport-parking-software.com\/fr\/agence\/#breadcrumb","itemListElement":[{"@type":"ListItem","position":1,"name":"Startseite","item":"https:\/\/www.airport-parking-software.com\/fr\/"},{"@type":"ListItem","position":2,"name":"Agence"}]},{"@type":"WebSite","@id":"https:\/\/www.airport-parking-software.com\/fr\/#website","url":"https:\/\/www.airport-parking-software.com\/fr\/","name":"Airport-Parking-Software.com | Die L\u00f6sung f\u00fcr Ihren Parkplatz am Flughafen","description":"","potentialAction":[{"@type":"SearchAction","target":{"@type":"EntryPoint","urlTemplate":"https:\/\/www.airport-parking-software.com\/fr\/?s={search_term_string}"},"query-input":{"@type":"PropertyValueSpecification","valueRequired":true,"valueName":"search_term_string"}}],"inLanguage":"fr-FR"}]}},"_links":{"self":[{"href":"https:\/\/www.airport-parking-software.com\/fr\/wp-json\/wp\/v2\/pages\/3537","targetHints":{"allow":["GET"]}}],"collection":[{"href":"https:\/\/www.airport-parking-software.com\/fr\/wp-json\/wp\/v2\/pages"}],"about":[{"href":"https:\/\/www.airport-parking-software.com\/fr\/wp-json\/wp\/v2\/types\/page"}],"author":[{"embeddable":true,"href":"https:\/\/www.airport-parking-software.com\/fr\/wp-json\/wp\/v2\/users\/1"}],"replies":[{"embeddable":true,"href":"https:\/\/www.airport-parking-software.com\/fr\/wp-json\/wp\/v2\/comments?post=3537"}],"version-history":[{"count":1,"href":"https:\/\/www.airport-parking-software.com\/fr\/wp-json\/wp\/v2\/pages\/3537\/revisions"}],"predecessor-version":[{"id":3538,"href":"https:\/\/www.airport-parking-software.com\/fr\/wp-json\/wp\/v2\/pages\/3537\/revisions\/3538"}],"wp:attachment":[{"href":"https:\/\/www.airport-parking-software.com\/fr\/wp-json\/wp\/v2\/media?parent=3537"}],"curies":[{"name":"wp","href":"https:\/\/api.w.org\/{rel}","templated":true}]}}