{"id":3571,"date":"2019-08-09T12:09:40","date_gmt":"2019-08-09T10:09:40","guid":{"rendered":"https:\/\/www.airport-parking-software.com\/preguntas-frecuentes\/"},"modified":"2019-08-09T12:11:36","modified_gmt":"2019-08-09T10:11:36","slug":"preguntas-frecuentes","status":"publish","type":"page","link":"https:\/\/www.airport-parking-software.com\/es\/preguntas-frecuentes\/","title":{"rendered":"PREGUNTAS FRECUENTES"},"content":{"rendered":"<section class=\"l-section wpb_row height_medium\"><div class=\"l-section-h i-cf\"><div class=\"g-cols vc_row via_flex valign_top type_default stacking_default\"><div class=\"vc_col-sm-12 wpb_column vc_column_container\"><div class=\"vc_column-inner\"><div class=\"wpb_wrapper\"><div class=\"wpb_text_column\"><div class=\"wpb_wrapper\"><h1>Preguntas frecuentes sobre el Airport-Parking-Software<\/h1>\n<p>Aqu\u00ed hemos recopilado las preguntas m\u00e1s frecuentes de nuestros clientes.<\/p>\n<\/div><\/div><div class=\"w-separator size_medium\"><\/div><div class=\"w-tabs style_default switch_click accordion has_scrolling\" style=\"--sections-title-size:inherit\"><div class=\"w-tabs-sections titles-align_none icon_chevron cpos_right\"><div class=\"w-tabs-section\" id=\"wb1b\"><button class=\"w-tabs-section-header\" aria-controls=\"content-wb1b\" aria-expanded=\"false\"><div class=\"w-tabs-section-title\">\u00bfTengo que alquilar el Airport-Parking-Softeware o puedo comprarlo?<\/div><div class=\"w-tabs-section-control\"><\/div><\/button><div  class=\"w-tabs-section-content\" id=\"content-wb1b\"><div class=\"w-tabs-section-content-h i-cf\"><div class=\"wpb_text_column\"><div class=\"wpb_wrapper\"><p>Por supuesto que tambi\u00e9n puedes comprar el software, \u00a1preg\u00fantanos! Estaremos encantados de hacerle una atractiva oferta de compra.<\/p>\n<\/div><\/div><\/div><\/div><\/div><div class=\"w-tabs-section\" id=\"mdb8\"><button class=\"w-tabs-section-header\" aria-controls=\"content-mdb8\" aria-expanded=\"false\"><div class=\"w-tabs-section-title\">\u00bfNecesito un nuevo sitio web para utilizar el Airport-Parking-Software?<\/div><div class=\"w-tabs-section-control\"><\/div><\/button><div  class=\"w-tabs-section-content\" id=\"content-mdb8\"><div class=\"w-tabs-section-content-h i-cf\"><div class=\"wpb_text_column\"><div class=\"wpb_wrapper\"><p>No, no necesariamente. Podemos integrar los formularios de reserva en casi cualquier sitio web.<\/p>\n<p>Pero dependiendo de la situaci\u00f3n, podr\u00eda valer la pena pensar en un nuevo sitio web m\u00f3vil. Especialmente si su sitio web no es sensible y est\u00e1 optimizado para los motores de b\u00fasqueda, esta inversi\u00f3n vale la pena. P\u00eddanos una oferta.<\/p>\n<\/div><\/div><\/div><\/div><\/div><div class=\"w-tabs-section\" id=\"u046\"><button class=\"w-tabs-section-header\" aria-controls=\"content-u046\" aria-expanded=\"false\"><div class=\"w-tabs-section-title\">\u00bfEst\u00e1 disponible el Airport-Parking-Software en varios idiomas?<\/div><div class=\"w-tabs-section-control\"><\/div><\/button><div  class=\"w-tabs-section-content\" id=\"content-u046\"><div class=\"w-tabs-section-content-h i-cf\"><div class=\"wpb_text_column\"><div class=\"wpb_wrapper\"><p>B\u00e1sicamente, puede traducir todos los m\u00f3dulos de texto del software de aparcamiento del aeropuerto a cualquier idioma que desee. La versi\u00f3n de la plantilla est\u00e1 disponible en alem\u00e1n, ingl\u00e9s, franc\u00e9s y espa\u00f1ol.<\/p>\n<\/div><\/div><\/div><\/div><\/div><div class=\"w-tabs-section\" id=\"x350\"><button class=\"w-tabs-section-header\" aria-controls=\"content-x350\" aria-expanded=\"false\"><div class=\"w-tabs-section-title\">\u00bfPuedo ofrecer Valet Parking y Shuttle Parking con el Airport-Parking-Software?<\/div><div class=\"w-tabs-section-control\"><\/div><\/button><div  class=\"w-tabs-section-content\" id=\"content-x350\"><div class=\"w-tabs-section-content-h i-cf\"><div class=\"wpb_text_column\"><div class=\"wpb_wrapper\"><p>S\u00ed, puede activar y desactivar de forma flexible y calcular las siguientes variantes<\/p>\n<p>Aparcamiento exterior &lt;-&gt;Parking y lanzadera &lt;-&gt; Servicio de Valet<\/p>\n<p>Estas opciones se pueden seleccionar en el formulario de reserva de acuerdo con los ajustes de la configuraci\u00f3n.<\/p>\n<\/div><\/div><\/div><\/div><\/div><div class=\"w-tabs-section\" id=\"x626\"><button class=\"w-tabs-section-header\" aria-controls=\"content-x626\" aria-expanded=\"false\"><div class=\"w-tabs-section-title\">\u00bfC\u00f3mo reciben los clientes las confirmaciones de reserva y las facturas?<\/div><div class=\"w-tabs-section-control\"><\/div><\/button><div  class=\"w-tabs-section-content\" id=\"content-x626\"><div class=\"w-tabs-section-content-h i-cf\"><div class=\"wpb_text_column\"><div class=\"wpb_wrapper\"><p>Una vez realizada la reserva, el cliente recibe autom\u00e1ticamente una confirmaci\u00f3n de la misma por correo electr\u00f3nico. Las facturas en pdf pueden ser enviadas al cliente tan pronto como las reservas hayan sido pagadas. Esto lo puede hacer cualquier empleado, incluso a trav\u00e9s del tel\u00e9fono m\u00f3vil, si tiene los derechos de facturaci\u00f3n.<\/p>\n<\/div><\/div><\/div><\/div><\/div><div class=\"w-tabs-section\" id=\"i8dc\"><button class=\"w-tabs-section-header\" aria-controls=\"content-i8dc\" aria-expanded=\"false\"><div class=\"w-tabs-section-title\">\u00bfPueden mis clientes reservar su estacionamiento en l\u00ednea y pagar inmediatamente?<\/div><div class=\"w-tabs-section-control\"><\/div><\/button><div  class=\"w-tabs-section-content\" id=\"content-i8dc\"><div class=\"w-tabs-section-content-h i-cf\"><div class=\"wpb_text_column\"><div class=\"wpb_wrapper\"><p>Por supuesto. Out of the Box: Paypal, Sofort\u00fcberweisung y todos los principales proveedores de tarjetas de cr\u00e9dito.<\/p>\n<p>Tenemos una interfaz lista para uno de los mayores proveedores de pago en l\u00ednea de comercio electr\u00f3nico con las mejores condiciones tanto para el pago en l\u00ednea y terminales de tarjetas m\u00f3viles.<\/p>\n<\/div><\/div><\/div><\/div><\/div><div class=\"w-tabs-section\" id=\"hb90\"><button class=\"w-tabs-section-header\" aria-controls=\"content-hb90\" aria-expanded=\"false\"><div class=\"w-tabs-section-title\">\u00bfEn qu\u00e9 tipo de sistema de servidor web funciona el Airport-Parking-Software?<\/div><div class=\"w-tabs-section-control\"><\/div><\/button><div  class=\"w-tabs-section-content\" id=\"content-hb90\"><div class=\"w-tabs-section-content-h i-cf\"><div class=\"wpb_text_column\"><div class=\"wpb_wrapper\"><p>No importa si la versi\u00f3n de alquiler o compra: El software de estacionamiento del aeropuerto se ejecuta en cualquier servidor web popular \/ paquete de alojamiento con bases de datos SQL y PHP 7.X<\/p>\n<\/div><\/div><\/div><\/div><\/div><\/div><\/div><\/div><\/div><\/div><\/div><\/div><\/section><section class=\"l-section wpb_row height_medium\"><div class=\"l-section-h i-cf\"><div class=\"g-cols vc_row via_flex valign_top type_default stacking_default\"><div class=\"vc_col-sm-12 wpb_column vc_column_container\"><div class=\"vc_column-inner\"><div class=\"wpb_wrapper\"><div class=\"w-actionbox color_primary controls_right\"><div class=\"w-actionbox-text\"><h2 class=\"w-actionbox-title\">\u00bfTiene alguna otra pregunta importante?<\/h2><div class=\"w-actionbox-description\"><p>\u00bfLe falta una pregunta importante para usted y su empresa?<br \/>\nEntonces escr\u00edbanos!<\/p>\n<\/div><\/div><div class=\"w-actionbox-controls\"><a class=\"w-btn us-btn-style_5 icon_atleft\" title=\"Cont\u00e1ctenos\" href=\"\/?page_id=11\"><i class=\"fas fa-envelope\"><\/i><span class=\"w-btn-label\">Preg\u00fantenos sobre<\/span><\/a><\/div><\/div><\/div><\/div><\/div><\/div><\/div><\/section>\n","protected":false},"excerpt":{"rendered":"Preguntas frecuentes sobre el Airport-Parking-Software Aqu\u00ed hemos recopilado las preguntas m\u00e1s frecuentes de nuestros clientes. \u00bfTengo que alquilar el Airport-Parking-Softeware o puedo comprarlo?Por supuesto que tambi\u00e9n puedes comprar el software, \u00a1preg\u00fantanos! Estaremos encantados de hacerle una atractiva oferta de compra. \u00bfNecesito un nuevo sitio web para utilizar el Airport-Parking-Software?No, no necesariamente. Podemos integrar los formularios...","protected":false},"author":1,"featured_media":0,"parent":0,"menu_order":0,"comment_status":"closed","ping_status":"closed","template":"","meta":{"footnotes":""},"class_list":["post-3571","page","type-page","status-publish","hentry"],"yoast_head":"<!-- This site is optimized with the Yoast SEO plugin v24.8.1 - https:\/\/yoast.com\/wordpress\/plugins\/seo\/ -->\n<title>Sus preguntas m\u00e1s frecuentes sobre el Airport-Parking-Software<\/title>\n<meta name=\"description\" content=\"Hemos recopilado aqu\u00ed las preguntas m\u00e1s frecuentes de nuestros clientes sobre el software de aparcamiento en aeropuertos. Lo que el software hace y lo que no hace.\" \/>\n<meta name=\"robots\" content=\"index, follow, max-snippet:-1, max-image-preview:large, max-video-preview:-1\" \/>\n<link rel=\"canonical\" href=\"https:\/\/www.airport-parking-software.com\/es\/preguntas-frecuentes\/\" \/>\n<meta property=\"og:locale\" content=\"es_ES\" \/>\n<meta property=\"og:type\" content=\"article\" \/>\n<meta property=\"og:title\" content=\"Sus preguntas m\u00e1s frecuentes sobre el Airport-Parking-Software\" \/>\n<meta property=\"og:description\" content=\"Hemos recopilado aqu\u00ed las preguntas m\u00e1s frecuentes de nuestros clientes sobre el software de aparcamiento en aeropuertos. Lo que el software hace y lo que no hace.\" \/>\n<meta property=\"og:url\" content=\"https:\/\/www.airport-parking-software.com\/es\/preguntas-frecuentes\/\" \/>\n<meta property=\"og:site_name\" content=\"Airport-Parking-Software.com - Die L\u00f6sung f\u00fcr Ihren Parkplatz am Flughafen\" \/>\n<meta property=\"article:modified_time\" content=\"2019-08-09T10:11:36+00:00\" \/>\n<meta name=\"twitter:card\" content=\"summary_large_image\" \/>\n<meta name=\"twitter:label1\" content=\"Tiempo de lectura\" \/>\n\t<meta name=\"twitter:data1\" content=\"3 minutos\" \/>\n<script type=\"application\/ld+json\" class=\"yoast-schema-graph\">{\"@context\":\"https:\/\/schema.org\",\"@graph\":[{\"@type\":\"WebPage\",\"@id\":\"https:\/\/www.airport-parking-software.com\/es\/preguntas-frecuentes\/\",\"url\":\"https:\/\/www.airport-parking-software.com\/es\/preguntas-frecuentes\/\",\"name\":\"Sus preguntas m\u00e1s frecuentes sobre el Airport-Parking-Software\",\"isPartOf\":{\"@id\":\"https:\/\/www.airport-parking-software.com\/es\/#website\"},\"datePublished\":\"2019-08-09T10:09:40+00:00\",\"dateModified\":\"2019-08-09T10:11:36+00:00\",\"description\":\"Hemos recopilado aqu\u00ed las preguntas m\u00e1s frecuentes de nuestros clientes sobre el software de aparcamiento en aeropuertos. Lo que el software hace y lo que no hace.\",\"breadcrumb\":{\"@id\":\"https:\/\/www.airport-parking-software.com\/es\/preguntas-frecuentes\/#breadcrumb\"},\"inLanguage\":\"es\",\"potentialAction\":[{\"@type\":\"ReadAction\",\"target\":[\"https:\/\/www.airport-parking-software.com\/es\/preguntas-frecuentes\/\"]}]},{\"@type\":\"BreadcrumbList\",\"@id\":\"https:\/\/www.airport-parking-software.com\/es\/preguntas-frecuentes\/#breadcrumb\",\"itemListElement\":[{\"@type\":\"ListItem\",\"position\":1,\"name\":\"Startseite\",\"item\":\"https:\/\/www.airport-parking-software.com\/es\/\"},{\"@type\":\"ListItem\",\"position\":2,\"name\":\"PREGUNTAS FRECUENTES\"}]},{\"@type\":\"WebSite\",\"@id\":\"https:\/\/www.airport-parking-software.com\/es\/#website\",\"url\":\"https:\/\/www.airport-parking-software.com\/es\/\",\"name\":\"Airport-Parking-Software.com | Die L\u00f6sung f\u00fcr Ihren Parkplatz am Flughafen\",\"description\":\"\",\"potentialAction\":[{\"@type\":\"SearchAction\",\"target\":{\"@type\":\"EntryPoint\",\"urlTemplate\":\"https:\/\/www.airport-parking-software.com\/es\/?s={search_term_string}\"},\"query-input\":{\"@type\":\"PropertyValueSpecification\",\"valueRequired\":true,\"valueName\":\"search_term_string\"}}],\"inLanguage\":\"es\"}]}<\/script>\n<!-- \/ Yoast SEO plugin. -->","yoast_head_json":{"title":"Sus preguntas m\u00e1s frecuentes sobre el Airport-Parking-Software","description":"Hemos recopilado aqu\u00ed las preguntas m\u00e1s frecuentes de nuestros clientes sobre el software de aparcamiento en aeropuertos. Lo que el software hace y lo que no hace.","robots":{"index":"index","follow":"follow","max-snippet":"max-snippet:-1","max-image-preview":"max-image-preview:large","max-video-preview":"max-video-preview:-1"},"canonical":"https:\/\/www.airport-parking-software.com\/es\/preguntas-frecuentes\/","og_locale":"es_ES","og_type":"article","og_title":"Sus preguntas m\u00e1s frecuentes sobre el Airport-Parking-Software","og_description":"Hemos recopilado aqu\u00ed las preguntas m\u00e1s frecuentes de nuestros clientes sobre el software de aparcamiento en aeropuertos. Lo que el software hace y lo que no hace.","og_url":"https:\/\/www.airport-parking-software.com\/es\/preguntas-frecuentes\/","og_site_name":"Airport-Parking-Software.com - Die L\u00f6sung f\u00fcr Ihren Parkplatz am Flughafen","article_modified_time":"2019-08-09T10:11:36+00:00","twitter_card":"summary_large_image","twitter_misc":{"Tiempo de lectura":"3 minutos"},"schema":{"@context":"https:\/\/schema.org","@graph":[{"@type":"WebPage","@id":"https:\/\/www.airport-parking-software.com\/es\/preguntas-frecuentes\/","url":"https:\/\/www.airport-parking-software.com\/es\/preguntas-frecuentes\/","name":"Sus preguntas m\u00e1s frecuentes sobre el Airport-Parking-Software","isPartOf":{"@id":"https:\/\/www.airport-parking-software.com\/es\/#website"},"datePublished":"2019-08-09T10:09:40+00:00","dateModified":"2019-08-09T10:11:36+00:00","description":"Hemos recopilado aqu\u00ed las preguntas m\u00e1s frecuentes de nuestros clientes sobre el software de aparcamiento en aeropuertos. Lo que el software hace y lo que no hace.","breadcrumb":{"@id":"https:\/\/www.airport-parking-software.com\/es\/preguntas-frecuentes\/#breadcrumb"},"inLanguage":"es","potentialAction":[{"@type":"ReadAction","target":["https:\/\/www.airport-parking-software.com\/es\/preguntas-frecuentes\/"]}]},{"@type":"BreadcrumbList","@id":"https:\/\/www.airport-parking-software.com\/es\/preguntas-frecuentes\/#breadcrumb","itemListElement":[{"@type":"ListItem","position":1,"name":"Startseite","item":"https:\/\/www.airport-parking-software.com\/es\/"},{"@type":"ListItem","position":2,"name":"PREGUNTAS FRECUENTES"}]},{"@type":"WebSite","@id":"https:\/\/www.airport-parking-software.com\/es\/#website","url":"https:\/\/www.airport-parking-software.com\/es\/","name":"Airport-Parking-Software.com | Die L\u00f6sung f\u00fcr Ihren Parkplatz am Flughafen","description":"","potentialAction":[{"@type":"SearchAction","target":{"@type":"EntryPoint","urlTemplate":"https:\/\/www.airport-parking-software.com\/es\/?s={search_term_string}"},"query-input":{"@type":"PropertyValueSpecification","valueRequired":true,"valueName":"search_term_string"}}],"inLanguage":"es"}]}},"_links":{"self":[{"href":"https:\/\/www.airport-parking-software.com\/es\/wp-json\/wp\/v2\/pages\/3571","targetHints":{"allow":["GET"]}}],"collection":[{"href":"https:\/\/www.airport-parking-software.com\/es\/wp-json\/wp\/v2\/pages"}],"about":[{"href":"https:\/\/www.airport-parking-software.com\/es\/wp-json\/wp\/v2\/types\/page"}],"author":[{"embeddable":true,"href":"https:\/\/www.airport-parking-software.com\/es\/wp-json\/wp\/v2\/users\/1"}],"replies":[{"embeddable":true,"href":"https:\/\/www.airport-parking-software.com\/es\/wp-json\/wp\/v2\/comments?post=3571"}],"version-history":[{"count":3,"href":"https:\/\/www.airport-parking-software.com\/es\/wp-json\/wp\/v2\/pages\/3571\/revisions"}],"predecessor-version":[{"id":3574,"href":"https:\/\/www.airport-parking-software.com\/es\/wp-json\/wp\/v2\/pages\/3571\/revisions\/3574"}],"wp:attachment":[{"href":"https:\/\/www.airport-parking-software.com\/es\/wp-json\/wp\/v2\/media?parent=3571"}],"curies":[{"name":"wp","href":"https:\/\/api.w.org\/{rel}","templated":true}]}}