{"id":3712,"date":"2019-08-31T11:17:37","date_gmt":"2019-08-31T09:17:37","guid":{"rendered":"https:\/\/www.airport-parking-software.com\/?page_id=3712"},"modified":"2019-08-31T13:35:46","modified_gmt":"2019-08-31T11:35:46","slug":"finanzierungsinfo","status":"publish","type":"page","link":"https:\/\/www.airport-parking-software.com\/de\/finanzierungsinfo\/","title":{"rendered":"Finanzierungsinfo"},"content":{"rendered":"<section class=\"l-section wpb_row height_medium\"><div class=\"l-section-h i-cf\"><div class=\"g-cols vc_row via_flex valign_top type_default stacking_default\"><div class=\"vc_col-sm-12 wpb_column vc_column_container\"><div class=\"vc_column-inner\"><div class=\"wpb_wrapper\"><div class=\"wpb_text_column\"><div class=\"wpb_wrapper\"><h1>Gegen\u00fcberstellung Miete, Leasing &amp; Mietkauf<\/h1>\n<table id=\"finanzierung\" class=\"table table-responsive table-striped\">\n<tbody>\n<tr>\n<th><\/th>\n<th class=\"text-center\">Leasing Vollamortisation<br \/>\n18 &#8211; 60 Monate<\/th>\n<th class=\"text-center\">Miete<\/th>\n<th class=\"text-center\">Mietkauf<\/th>\n<\/tr>\n<tr>\n<td>Info<\/td>\n<td>Beim Leasing \u00fcberl\u00e4sst der Leasinggeber dem Leasingnehmer ein Objekt zur Nutzung f\u00fcr eine vereinbarte Zeit gegen Zahlung eines Entgelts.<\/p>\n<p>Der Leasingvertrag enth\u00e4lt die Merkmale eines Mietvertrages, weicht aber in einigen Details davon ab. Er ist gesetzlich nicht definiert und gilt deshalb als Vertrag mit eigener Rechtsnatur.<\/p>\n<p>Der Leasingnehmer erh\u00e4lt anstatt des f\u00fcr die Investition ben\u00f6tigten Geldes, das Objekt zur Nutzung. Grundlagen bilden \u00a739 der Abgabenordnung und die Leasingerlasse. Typisch f\u00fcr Leasingvertr\u00e4ge ist das Dreiecksverh\u00e4ltnis zwischen Leasingnehmer, Lieferant und Leasinggeber.<\/td>\n<td>Der Mietvertrag ist ein gegenseitiger Vertrag mit wechselseitigen Pflichten.<br \/>\nSo ist der Mieter in der Verpflichtung, die vereinbarte Miete zu bezahlen und das Mietobjekt am Ende des Mietverh\u00e4ltnisses zur\u00fcckzugeben.Der Vermieter hingegen hingegen ist verpflichtet dem Mieter den Gebrauch einer Mietsache w\u00e4hrend der Mietzeit zu gew\u00e4hren.Der Vermieter hat die Mietsache in einem zum vertragsgem\u00e4\u00dfen Gebrauch geeigneten Zustand zu \u00fcberlassen und sie w\u00e4hrend der Mietzeit in diesem Zustand zu erhalten.<\/td>\n<td>Beim Mietkauf handelt es sich um eine spezielle Form des Ratenkaufs.<\/p>\n<p>Er ist als Kaufvertrag mehrwertsteuerpflichtig und unterscheidet sich allein dadurch vom Kredit.<\/p>\n<p>Der Mietk\u00e4ufer ist mit Vertragsbeginn wirtschaftlicher Eigent\u00fcmer des Objektes, der Mietkaufgeber ist zivilrechtlicher Eigent\u00fcmer und hat bis zur Zahlung der letzten Rate Eigentumsvorbehalt, dann geht auch das zivilrechtliche Eigentum auf ihn \u00fcber.<\/p>\n<p>Als Aufwand kann der Mietk\u00e4ufer die Abschreibung und die in den Raten enthaltenen Zinsanteile geltend machen.<\/p>\n<p>Beim Mietkaufvertrag ist die Mehrwertsteuer zum Vertragsbeginn in einer Summer zu zahlen.<br \/>\nBerechnungsgrundlage ist die gesamte Mietkaufforderung<\/td>\n<\/tr>\n<tr>\n<td>Laufzeit<\/td>\n<td>min. 40% max 90% der Afa Zeit<br \/>\nL\u00e4nger M\u00f6glich bei k\u00fcndbaren Vertr\u00e4gen<\/td>\n<td class=\"text-center\" colspan=\"2\">frei w\u00e4hlbar<\/td>\n<\/tr>\n<tr class=\"trenner\">\n<td colspan=\"4\"><\/td>\n<\/tr>\n<tr>\n<td>Mehrwertsteuer<\/td>\n<td class=\"text-center\" colspan=\"2\">MwSt. wird mit der monatlichen Rate gezahlt, Nettorate + MwSt. = Bruttorate<\/td>\n<td>Gesamte MwSt. auf alle Raten wird mit der ersten Rate f\u00e4llig<\/td>\n<\/tr>\n<tr class=\"trenner\">\n<td colspan=\"4\"><\/td>\n<\/tr>\n<tr>\n<td>Konditionen<\/td>\n<td class=\"text-center\" colspan=\"2\">Gem. Konditionstabelle<\/td>\n<td>Gem. Konditionstabelle + 0,06%<\/td>\n<\/tr>\n<tr class=\"trenner\">\n<td colspan=\"4\"><\/td>\n<\/tr>\n<tr>\n<td>Wer bilanziert<\/td>\n<td class=\"text-center\" colspan=\"2\">Leasinggesellschaft<\/td>\n<td>Mietk\u00e4ufer<\/td>\n<\/tr>\n<tr class=\"trenner\">\n<td colspan=\"4\"><\/td>\n<\/tr>\n<tr>\n<td>Steuerlicher Vorteil<\/td>\n<td class=\"text-center\" colspan=\"2\">Bilanzneutrale Investition\/ Absetzen der Raten als Betriebsausgaben<\/td>\n<td>Abschreibung des Objektes<\/td>\n<\/tr>\n<tr class=\"trenner\">\n<td colspan=\"4\"><\/td>\n<\/tr>\n<tr>\n<td>Eigentums\u00fcbergang<\/td>\n<td>Mit Abschlusszahlung m\u00f6glich<\/td>\n<td>Nein<\/td>\n<td>Eigentum geht mit Zahlung der letzten Rate auf den Kunden \u00fcber -&gt; keine Abschlusszahlung<\/td>\n<\/tr>\n<tr class=\"trenner\">\n<td colspan=\"4\"><\/td>\n<\/tr>\n<tr>\n<td>Gesetzliche Grundlage<\/td>\n<td>Leasingerlasse des Bundesministres der Finanzen Abgabenordnung<\/td>\n<td class=\"text-center\" colspan=\"2\">BGB<\/td>\n<\/tr>\n<tr class=\"trenner\">\n<td colspan=\"4\"><\/td>\n<\/tr>\n<tr>\n<td>Wartungs- und Instandhaltungspflicht<\/td>\n<td>Liegt beim Kunden<\/td>\n<td>Liegt beim Vermieter, daher nur in Verbindung mit Servicevertr\u00e4gen<\/td>\n<td>Liegt beim Kunden<\/td>\n<\/tr>\n<\/tbody>\n<\/table>\n<\/div><\/div><\/div><\/div><\/div><\/div><\/div><\/section>\n","protected":false},"excerpt":{"rendered":"Gegen\u00fcberstellung Miete, Leasing &amp; Mietkauf Leasing Vollamortisation 18 &#8211; 60 Monate Miete Mietkauf Info Beim Leasing \u00fcberl\u00e4sst der Leasinggeber dem Leasingnehmer ein Objekt zur Nutzung f\u00fcr eine vereinbarte Zeit gegen Zahlung eines Entgelts. Der Leasingvertrag enth\u00e4lt die Merkmale eines Mietvertrages, weicht aber in einigen Details davon ab. Er ist gesetzlich nicht definiert und gilt deshalb...","protected":false},"author":1,"featured_media":0,"parent":0,"menu_order":0,"comment_status":"closed","ping_status":"closed","template":"","meta":{"footnotes":""},"class_list":["post-3712","page","type-page","status-publish","hentry"],"yoast_head":"<!-- This site is optimized with the Yoast SEO plugin v24.8.1 - https:\/\/yoast.com\/wordpress\/plugins\/seo\/ -->\n<title>Finanzierungsinfo - Airport-Parking-Software.com - Die L\u00f6sung f\u00fcr Ihren Parkplatz am Flughafen<\/title>\n<meta name=\"robots\" content=\"index, follow, max-snippet:-1, max-image-preview:large, max-video-preview:-1\" \/>\n<link rel=\"canonical\" href=\"https:\/\/www.airport-parking-software.com\/de\/finanzierungsinfo\/\" \/>\n<meta property=\"og:locale\" content=\"de_DE\" \/>\n<meta property=\"og:type\" content=\"article\" \/>\n<meta property=\"og:title\" content=\"Finanzierungsinfo - Airport-Parking-Software.com - Die L\u00f6sung f\u00fcr Ihren Parkplatz am Flughafen\" \/>\n<meta property=\"og:url\" content=\"https:\/\/www.airport-parking-software.com\/de\/finanzierungsinfo\/\" \/>\n<meta property=\"og:site_name\" content=\"Airport-Parking-Software.com - Die L\u00f6sung f\u00fcr Ihren Parkplatz am Flughafen\" \/>\n<meta property=\"article:modified_time\" content=\"2019-08-31T11:35:46+00:00\" \/>\n<meta name=\"twitter:card\" content=\"summary_large_image\" \/>\n<meta name=\"twitter:label1\" content=\"Gesch\u00e4tzte Lesezeit\" \/>\n\t<meta name=\"twitter:data1\" content=\"2\u00a0Minuten\" \/>\n<script type=\"application\/ld+json\" class=\"yoast-schema-graph\">{\"@context\":\"https:\/\/schema.org\",\"@graph\":[{\"@type\":\"WebPage\",\"@id\":\"https:\/\/www.airport-parking-software.com\/de\/finanzierungsinfo\/\",\"url\":\"https:\/\/www.airport-parking-software.com\/de\/finanzierungsinfo\/\",\"name\":\"Finanzierungsinfo - Airport-Parking-Software.com - Die L\u00f6sung f\u00fcr Ihren Parkplatz am Flughafen\",\"isPartOf\":{\"@id\":\"https:\/\/www.airport-parking-software.com\/de\/#website\"},\"datePublished\":\"2019-08-31T09:17:37+00:00\",\"dateModified\":\"2019-08-31T11:35:46+00:00\",\"breadcrumb\":{\"@id\":\"https:\/\/www.airport-parking-software.com\/de\/finanzierungsinfo\/#breadcrumb\"},\"inLanguage\":\"de\",\"potentialAction\":[{\"@type\":\"ReadAction\",\"target\":[\"https:\/\/www.airport-parking-software.com\/de\/finanzierungsinfo\/\"]}]},{\"@type\":\"BreadcrumbList\",\"@id\":\"https:\/\/www.airport-parking-software.com\/de\/finanzierungsinfo\/#breadcrumb\",\"itemListElement\":[{\"@type\":\"ListItem\",\"position\":1,\"name\":\"Startseite\",\"item\":\"https:\/\/www.airport-parking-software.com\/de\/\"},{\"@type\":\"ListItem\",\"position\":2,\"name\":\"Finanzierungsinfo\"}]},{\"@type\":\"WebSite\",\"@id\":\"https:\/\/www.airport-parking-software.com\/de\/#website\",\"url\":\"https:\/\/www.airport-parking-software.com\/de\/\",\"name\":\"Airport-Parking-Software.com | Die L\u00f6sung f\u00fcr Ihren Parkplatz am Flughafen\",\"description\":\"\",\"potentialAction\":[{\"@type\":\"SearchAction\",\"target\":{\"@type\":\"EntryPoint\",\"urlTemplate\":\"https:\/\/www.airport-parking-software.com\/de\/?s={search_term_string}\"},\"query-input\":{\"@type\":\"PropertyValueSpecification\",\"valueRequired\":true,\"valueName\":\"search_term_string\"}}],\"inLanguage\":\"de\"}]}<\/script>\n<!-- \/ Yoast SEO plugin. -->","yoast_head_json":{"title":"Finanzierungsinfo - Airport-Parking-Software.com - Die L\u00f6sung f\u00fcr Ihren Parkplatz am Flughafen","robots":{"index":"index","follow":"follow","max-snippet":"max-snippet:-1","max-image-preview":"max-image-preview:large","max-video-preview":"max-video-preview:-1"},"canonical":"https:\/\/www.airport-parking-software.com\/de\/finanzierungsinfo\/","og_locale":"de_DE","og_type":"article","og_title":"Finanzierungsinfo - Airport-Parking-Software.com - Die L\u00f6sung f\u00fcr Ihren Parkplatz am Flughafen","og_url":"https:\/\/www.airport-parking-software.com\/de\/finanzierungsinfo\/","og_site_name":"Airport-Parking-Software.com - Die L\u00f6sung f\u00fcr Ihren Parkplatz am Flughafen","article_modified_time":"2019-08-31T11:35:46+00:00","twitter_card":"summary_large_image","twitter_misc":{"Gesch\u00e4tzte Lesezeit":"2\u00a0Minuten"},"schema":{"@context":"https:\/\/schema.org","@graph":[{"@type":"WebPage","@id":"https:\/\/www.airport-parking-software.com\/de\/finanzierungsinfo\/","url":"https:\/\/www.airport-parking-software.com\/de\/finanzierungsinfo\/","name":"Finanzierungsinfo - Airport-Parking-Software.com - Die L\u00f6sung f\u00fcr Ihren Parkplatz am Flughafen","isPartOf":{"@id":"https:\/\/www.airport-parking-software.com\/de\/#website"},"datePublished":"2019-08-31T09:17:37+00:00","dateModified":"2019-08-31T11:35:46+00:00","breadcrumb":{"@id":"https:\/\/www.airport-parking-software.com\/de\/finanzierungsinfo\/#breadcrumb"},"inLanguage":"de","potentialAction":[{"@type":"ReadAction","target":["https:\/\/www.airport-parking-software.com\/de\/finanzierungsinfo\/"]}]},{"@type":"BreadcrumbList","@id":"https:\/\/www.airport-parking-software.com\/de\/finanzierungsinfo\/#breadcrumb","itemListElement":[{"@type":"ListItem","position":1,"name":"Startseite","item":"https:\/\/www.airport-parking-software.com\/de\/"},{"@type":"ListItem","position":2,"name":"Finanzierungsinfo"}]},{"@type":"WebSite","@id":"https:\/\/www.airport-parking-software.com\/de\/#website","url":"https:\/\/www.airport-parking-software.com\/de\/","name":"Airport-Parking-Software.com | Die L\u00f6sung f\u00fcr Ihren Parkplatz am Flughafen","description":"","potentialAction":[{"@type":"SearchAction","target":{"@type":"EntryPoint","urlTemplate":"https:\/\/www.airport-parking-software.com\/de\/?s={search_term_string}"},"query-input":{"@type":"PropertyValueSpecification","valueRequired":true,"valueName":"search_term_string"}}],"inLanguage":"de"}]}},"_links":{"self":[{"href":"https:\/\/www.airport-parking-software.com\/de\/wp-json\/wp\/v2\/pages\/3712","targetHints":{"allow":["GET"]}}],"collection":[{"href":"https:\/\/www.airport-parking-software.com\/de\/wp-json\/wp\/v2\/pages"}],"about":[{"href":"https:\/\/www.airport-parking-software.com\/de\/wp-json\/wp\/v2\/types\/page"}],"author":[{"embeddable":true,"href":"https:\/\/www.airport-parking-software.com\/de\/wp-json\/wp\/v2\/users\/1"}],"replies":[{"embeddable":true,"href":"https:\/\/www.airport-parking-software.com\/de\/wp-json\/wp\/v2\/comments?post=3712"}],"version-history":[{"count":20,"href":"https:\/\/www.airport-parking-software.com\/de\/wp-json\/wp\/v2\/pages\/3712\/revisions"}],"predecessor-version":[{"id":3737,"href":"https:\/\/www.airport-parking-software.com\/de\/wp-json\/wp\/v2\/pages\/3712\/revisions\/3737"}],"wp:attachment":[{"href":"https:\/\/www.airport-parking-software.com\/de\/wp-json\/wp\/v2\/media?parent=3712"}],"curies":[{"name":"wp","href":"https:\/\/api.w.org\/{rel}","templated":true}]}}