{"id":3335,"date":"2019-07-18T16:06:54","date_gmt":"2019-07-18T14:06:54","guid":{"rendered":"https:\/\/www.airport-parking-software.com\/?page_id=3335"},"modified":"2019-08-31T18:27:55","modified_gmt":"2019-08-31T16:27:55","slug":"faq","status":"publish","type":"page","link":"https:\/\/www.airport-parking-software.com\/de\/faq\/","title":{"rendered":"FAQ"},"content":{"rendered":"<section class=\"l-section wpb_row height_medium\"><div class=\"l-section-h i-cf\"><div class=\"g-cols vc_row via_flex valign_top type_default stacking_default\"><div class=\"vc_col-sm-12 wpb_column vc_column_container\"><div class=\"vc_column-inner\"><div class=\"wpb_wrapper\"><div class=\"wpb_text_column\"><div class=\"wpb_wrapper\"><h1>Hier haben wir die am meisten gestellten Fragen unserer Kunden zusammengetragen.<\/h1>\n<p>Hier finden Sie Fragen und Antworten zu unserer Software.<\/p>\n<\/div><\/div><div class=\"w-separator size_medium\"><\/div><div class=\"w-tabs style_default switch_click accordion has_scrolling\" style=\"--sections-title-size:inherit\"><div class=\"w-tabs-sections titles-align_none icon_chevron cpos_right\"><div class=\"w-tabs-section\" id=\"z61d\"><button class=\"w-tabs-section-header\" aria-controls=\"content-z61d\" aria-expanded=\"false\"><div class=\"w-tabs-section-title\">Muss man die Airport-Parking-Software mieten oder kann man die Software auch kaufen?<\/div><div class=\"w-tabs-section-control\"><\/div><\/button><div  class=\"w-tabs-section-content\" id=\"content-z61d\"><div class=\"w-tabs-section-content-h i-cf\"><div class=\"wpb_text_column\"><div class=\"wpb_wrapper\"><p><span style=\"font-weight: 400;\">Nat\u00fcrlich k\u00f6nnen Sie die Software auch kaufen. W\u00e4hlen Sie individuell zwischen den Optionen, Kauf, Mietkauf oder Leasing (mit optionaler \u00dcbernahme bei Ende der Laufzeit). F<\/span><span style=\"font-weight: 400;\">ragen Sie uns! Wir werden Ihnen gerne ein attraktives Angebot machen. <\/span><\/p>\n<\/div><\/div><\/div><\/div><\/div><div class=\"w-tabs-section\" id=\"o8f4\"><button class=\"w-tabs-section-header\" aria-controls=\"content-o8f4\" aria-expanded=\"false\"><div class=\"w-tabs-section-title\">Brauche ich f\u00fcr die Nutzung der Airport-Parking-Software eine neue Webseite?<\/div><div class=\"w-tabs-section-control\"><\/div><\/button><div  class=\"w-tabs-section-content\" id=\"content-o8f4\"><div class=\"w-tabs-section-content-h i-cf\"><div class=\"wpb_text_column\"><div class=\"wpb_wrapper\"><p><span style=\"font-weight: 400;\">Nein nicht unbedingt. Wir k\u00f6nnen die Buchungsformulare in fast jede Webseite einbauen.\u00a0<\/span><\/p>\n<p><span style=\"font-weight: 400;\">Aber je nachdem lohnt es sich vielleicht, \u00fcber eine neue, mobiltaugliche Webseite nachzudenken. Vor allem wenn Ihre Webseite nicht responsive &amp; suchmaschinenoptimiert ist, lohnt sich diese Investition. Fragen Sie uns nach einem Angebot.<\/span><\/p>\n<\/div><\/div><\/div><\/div><\/div><div class=\"w-tabs-section\" id=\"ub7b\"><button class=\"w-tabs-section-header\" aria-controls=\"content-ub7b\" aria-expanded=\"false\"><div class=\"w-tabs-section-title\">Ist die Airport-Parking-Software in mehreren Sprachen erh\u00e4ltlich?<\/div><div class=\"w-tabs-section-control\"><\/div><\/button><div  class=\"w-tabs-section-content\" id=\"content-ub7b\"><div class=\"w-tabs-section-content-h i-cf\"><div class=\"wpb_text_column\"><div class=\"wpb_wrapper\"><p><span style=\"font-weight: 400;\">Grunds\u00e4tzlich k\u00f6nnen Sie selbst alle Textbausteine der Airport-Parking-Software in jede Sprache \u00fcbersetzen die Sie m\u00f6chten. Die Vorlagenversion ist in Deutsch, Englisch, Franz\u00f6sisch &amp; Spanisch vorhanden<\/span><\/p>\n<\/div><\/div><\/div><\/div><\/div><div class=\"w-tabs-section\" id=\"qdd8\"><button class=\"w-tabs-section-header\" aria-controls=\"content-qdd8\" aria-expanded=\"false\"><div class=\"w-tabs-section-title\">Kann ich mit der Airport-Parking-Software Valet Parking und Shuttle Parking anbieten?<\/div><div class=\"w-tabs-section-control\"><\/div><\/button><div  class=\"w-tabs-section-content\" id=\"content-qdd8\"><div class=\"w-tabs-section-content-h i-cf\"><div class=\"wpb_text_column\"><div class=\"wpb_wrapper\"><p><span style=\"font-weight: 400;\">Ja, Sie k\u00f6nnen flexibel folgende Varianten an und abschalten und berechnen<\/span><\/p>\n<p><span style=\"font-weight: 400;\">Au\u00dfenparkplatz &lt;-&gt;Parkhaus &amp; Shuttle &lt;-&gt; Valet-Service<\/span><\/p>\n<p><span style=\"font-weight: 400;\">Jew nach Einstellung in der Konfiguration sind diese Optionen dann im Buchungsformular ausw\u00e4hlbar.<\/span><\/p>\n<\/div><\/div><\/div><\/div><\/div><div class=\"w-tabs-section\" id=\"d031\"><button class=\"w-tabs-section-header\" aria-controls=\"content-d031\" aria-expanded=\"false\"><div class=\"w-tabs-section-title\">Wie erhalten Kunden Buchungsbest\u00e4tigungen und Rechnungen?<\/div><div class=\"w-tabs-section-control\"><\/div><\/button><div  class=\"w-tabs-section-content\" id=\"content-d031\"><div class=\"w-tabs-section-content-h i-cf\"><div class=\"wpb_text_column\"><div class=\"wpb_wrapper\"><p><span style=\"font-weight: 400;\">Wenn die Buchung erfolgt ist, erh\u00e4lt der Kunde automatisch eine Buchungsbest\u00e4tigung per Email. Rechnungen per pdf. k\u00f6nnen dem Kunden geschickt werden, sobald Buchungen bezahlt sind. Dies kann von jedem Mitarbeiter sogar per Handy erfolgen, wenn er die Rechte f\u00fcr Rechnungen hat. <\/span><\/p>\n<\/div><\/div><\/div><\/div><\/div><div class=\"w-tabs-section\" id=\"b2f2\"><button class=\"w-tabs-section-header\" aria-controls=\"content-b2f2\" aria-expanded=\"false\"><div class=\"w-tabs-section-title\">K\u00f6nnen meine Kunden ihre Parkplatzreservierungen online buchen und sofort bezahlen?<\/div><div class=\"w-tabs-section-control\"><\/div><\/button><div  class=\"w-tabs-section-content\" id=\"content-b2f2\"><div class=\"w-tabs-section-content-h i-cf\"><div class=\"wpb_text_column\"><div class=\"wpb_wrapper\"><p><span style=\"font-weight: 400;\">Selbstverst\u00e4ndlich! Out of the Box: Paypal, Sofort\u00fcberweisung und alle gro\u00dfen Kreditkartenanbieter.\u00a0<\/span><\/p>\n<p><span style=\"font-weight: 400;\">Wir haben zu einem der gr\u00f6\u00dften Ecommerce Onlinepayment Anbieter eine fertige Schnittstelle mit top Konditionen sowohl f\u00fcr das Online-Payment als auch f\u00fcr mobile Kartenterminals. <\/span><\/p>\n<\/div><\/div><\/div><\/div><\/div><div class=\"w-tabs-section\" id=\"x59f\"><button class=\"w-tabs-section-header\" aria-controls=\"content-x59f\" aria-expanded=\"false\"><div class=\"w-tabs-section-title\">Auf was f\u00fcr einem Webserver System l\u00e4uft die Airport-Parking-Software?<\/div><div class=\"w-tabs-section-control\"><\/div><\/button><div  class=\"w-tabs-section-content\" id=\"content-x59f\"><div class=\"w-tabs-section-content-h i-cf\"><div class=\"wpb_text_column\"><div class=\"wpb_wrapper\"><p><span style=\"font-weight: 400;\">Egal ob Mietversion oder Kauf: Die Airport-Parking-Software l\u00e4uft auf jedem g\u00e4ngigen Webserver \/ Hostingpaket mit SQL Datenbanken &amp; PHP 7.X<\/span><\/p>\n<p><span style=\"font-weight: 400;\">Mit einer Internetverbindung &amp; jedem aktuellen Browser k\u00f6nnen Sie mit der Airport-Parking-Software arbeiten.<\/span><\/p>\n<\/div><\/div><\/div><\/div><\/div><div class=\"w-tabs-section\" id=\"y85d\"><button class=\"w-tabs-section-header\" aria-controls=\"content-y85d\" aria-expanded=\"false\"><div class=\"w-tabs-section-title\">Wo liegt der Unterschied zwischen Miete und Leasing?<\/div><div class=\"w-tabs-section-control\"><\/div><\/button><div  class=\"w-tabs-section-content\" id=\"content-y85d\"><div class=\"w-tabs-section-content-h i-cf\"><div class=\"wpb_text_column\"><div class=\"wpb_wrapper\"><p>Bei der Miete ist Karl-Georg Kaempf e.K. 4C Webservices wirtschaftlicher &amp; zivilrechtlicher Eigent\u00fcmer des Objektes.<\/p>\n<p>Bei Mietkauf und im Falle von Leasing mit anschliessender \u00dcbernahme geh\u00f6rt Ihnen als Kunden die Lizenz, sobald die letzte Rate und Abschlusszahlung gezahlt wurde.<\/p>\n<p>Bei der Miete fallen Geb\u00fchren je Buchung an (Kostendeckel bei 699 \u20ac\/ Monat), beim Leasing, Mietkauf oder Kauf ist das nicht der Fall.<\/p>\n<p>Bei der Miete gibt es keine M\u00f6glichkeit auf individuelle Anpassungen der Airport Parking Software. Bei Leasing, Kauf und Mietkauf sind \u00c4nderungen im Kern der Anwendung nat\u00fcrlich M\u00f6glich, wenn Sie als Inhaber der Lizenz das w\u00fcnschen.<\/p>\n<\/div><\/div><\/div><\/div><\/div><div class=\"w-tabs-section\" id=\"yaee\"><button class=\"w-tabs-section-header\" aria-controls=\"content-yaee\" aria-expanded=\"false\"><div class=\"w-tabs-section-title\">Gibt es unterschiedliche Nutzerrechte\/ Nutzergruppen?<\/div><div class=\"w-tabs-section-control\"><\/div><\/button><div  class=\"w-tabs-section-content\" id=\"content-yaee\"><div class=\"w-tabs-section-content-h i-cf\"><div class=\"wpb_text_column\"><div class=\"wpb_wrapper\"><p>Nat\u00fcrlich gibt es in allen relevanten Bereichen Variable Nutzerrechte. Man kann individuelle Nutzergruppen konfigurieren:<\/p>\n<p>Bsp. Mitarbeiter der Autos parkt darf keine Rechnungen versenden, bzw. kann den Bereich Finanzen nicht einsehen, darf keine Kunden oder Buchungen l\u00f6schen. Lassen Sie sich\u00a0 beraten, wir zeigen Ihnen die M\u00f6glichkeiten Nutzergruppen zu definieren.<\/p>\n<\/div><\/div><\/div><\/div><\/div><\/div><\/div><\/div><\/div><\/div><\/div><\/div><\/section><section class=\"l-section wpb_row height_medium\"><div class=\"l-section-h i-cf\"><div class=\"g-cols vc_row via_flex valign_top type_default stacking_default\"><div class=\"vc_col-sm-12 wpb_column vc_column_container\"><div class=\"vc_column-inner\"><div class=\"wpb_wrapper\"><div class=\"w-actionbox color_primary controls_right\"><div class=\"w-actionbox-text\"><h2 class=\"w-actionbox-title\">Nicht f\u00fcndig geworden?<\/h2><div class=\"w-actionbox-description\"><p>Sprechen Sie uns einfach an, wir beraten Sie gern und helfen Ihnen bei jedem Anliegen weiter.<\/p>\n<\/div><\/div><div class=\"w-actionbox-controls\"><a class=\"w-btn us-btn-style_5 icon_atleft\" title=\"Kontakt\" href=\"https:\/\/www.airport-parking-software.com\/de\/kontakt\/\"><i class=\"fas fa-envelope\"><\/i><span class=\"w-btn-label\">Kontakt aufnehmen<\/span><\/a><\/div><\/div><\/div><\/div><\/div><\/div><\/div><\/section>\n","protected":false},"excerpt":{"rendered":"Hier haben wir die am meisten gestellten Fragen unserer Kunden zusammengetragen. Hier finden Sie Fragen und Antworten zu unserer Software. Muss man die Airport-Parking-Software mieten oder kann man die Software auch kaufen?Nat\u00fcrlich k\u00f6nnen Sie die Software auch kaufen. W\u00e4hlen Sie individuell zwischen den Optionen, Kauf, Mietkauf oder Leasing (mit optionaler \u00dcbernahme bei Ende der Laufzeit)....","protected":false},"author":1,"featured_media":0,"parent":0,"menu_order":0,"comment_status":"closed","ping_status":"closed","template":"","meta":{"footnotes":""},"class_list":["post-3335","page","type-page","status-publish","hentry"],"yoast_head":"<!-- This site is optimized with the Yoast SEO plugin v24.8.1 - https:\/\/yoast.com\/wordpress\/plugins\/seo\/ -->\n<title>FAQ - Ihre oft gestellten Fragen zur Airport-Parking-Software<\/title>\n<meta name=\"description\" content=\"Die oft gestellten Fragen unserer Kunden zur Airport-Parking-Software haben wir hier f\u00fcr Sie zusammengetragen. Was die Software leistet und was nicht.\" \/>\n<meta name=\"robots\" content=\"index, follow, max-snippet:-1, max-image-preview:large, max-video-preview:-1\" \/>\n<link rel=\"canonical\" href=\"https:\/\/www.airport-parking-software.com\/de\/faq\/\" \/>\n<meta property=\"og:locale\" content=\"de_DE\" \/>\n<meta property=\"og:type\" content=\"article\" \/>\n<meta property=\"og:title\" content=\"FAQ - Ihre oft gestellten Fragen zur Airport-Parking-Software\" \/>\n<meta property=\"og:description\" content=\"Die oft gestellten Fragen unserer Kunden zur Airport-Parking-Software haben wir hier f\u00fcr Sie zusammengetragen. Was die Software leistet und was nicht.\" \/>\n<meta property=\"og:url\" content=\"https:\/\/www.airport-parking-software.com\/de\/faq\/\" \/>\n<meta property=\"og:site_name\" content=\"Airport-Parking-Software.com - Die L\u00f6sung f\u00fcr Ihren Parkplatz am Flughafen\" \/>\n<meta property=\"article:modified_time\" content=\"2019-08-31T16:27:55+00:00\" \/>\n<meta name=\"twitter:card\" content=\"summary_large_image\" \/>\n<meta name=\"twitter:label1\" content=\"Gesch\u00e4tzte Lesezeit\" \/>\n\t<meta name=\"twitter:data1\" content=\"4\u00a0Minuten\" \/>\n<script type=\"application\/ld+json\" class=\"yoast-schema-graph\">{\"@context\":\"https:\/\/schema.org\",\"@graph\":[{\"@type\":\"WebPage\",\"@id\":\"https:\/\/www.airport-parking-software.com\/de\/faq\/\",\"url\":\"https:\/\/www.airport-parking-software.com\/de\/faq\/\",\"name\":\"FAQ - Ihre oft gestellten Fragen zur Airport-Parking-Software\",\"isPartOf\":{\"@id\":\"https:\/\/www.airport-parking-software.com\/de\/#website\"},\"datePublished\":\"2019-07-18T14:06:54+00:00\",\"dateModified\":\"2019-08-31T16:27:55+00:00\",\"description\":\"Die oft gestellten Fragen unserer Kunden zur Airport-Parking-Software haben wir hier f\u00fcr Sie zusammengetragen. Was die Software leistet und was nicht.\",\"breadcrumb\":{\"@id\":\"https:\/\/www.airport-parking-software.com\/de\/faq\/#breadcrumb\"},\"inLanguage\":\"de\",\"potentialAction\":[{\"@type\":\"ReadAction\",\"target\":[\"https:\/\/www.airport-parking-software.com\/de\/faq\/\"]}]},{\"@type\":\"BreadcrumbList\",\"@id\":\"https:\/\/www.airport-parking-software.com\/de\/faq\/#breadcrumb\",\"itemListElement\":[{\"@type\":\"ListItem\",\"position\":1,\"name\":\"Startseite\",\"item\":\"https:\/\/www.airport-parking-software.com\/de\/\"},{\"@type\":\"ListItem\",\"position\":2,\"name\":\"FAQ\"}]},{\"@type\":\"WebSite\",\"@id\":\"https:\/\/www.airport-parking-software.com\/de\/#website\",\"url\":\"https:\/\/www.airport-parking-software.com\/de\/\",\"name\":\"Airport-Parking-Software.com | Die L\u00f6sung f\u00fcr Ihren Parkplatz am Flughafen\",\"description\":\"\",\"potentialAction\":[{\"@type\":\"SearchAction\",\"target\":{\"@type\":\"EntryPoint\",\"urlTemplate\":\"https:\/\/www.airport-parking-software.com\/de\/?s={search_term_string}\"},\"query-input\":{\"@type\":\"PropertyValueSpecification\",\"valueRequired\":true,\"valueName\":\"search_term_string\"}}],\"inLanguage\":\"de\"}]}<\/script>\n<!-- \/ Yoast SEO plugin. -->","yoast_head_json":{"title":"FAQ - Ihre oft gestellten Fragen zur Airport-Parking-Software","description":"Die oft gestellten Fragen unserer Kunden zur Airport-Parking-Software haben wir hier f\u00fcr Sie zusammengetragen. Was die Software leistet und was nicht.","robots":{"index":"index","follow":"follow","max-snippet":"max-snippet:-1","max-image-preview":"max-image-preview:large","max-video-preview":"max-video-preview:-1"},"canonical":"https:\/\/www.airport-parking-software.com\/de\/faq\/","og_locale":"de_DE","og_type":"article","og_title":"FAQ - Ihre oft gestellten Fragen zur Airport-Parking-Software","og_description":"Die oft gestellten Fragen unserer Kunden zur Airport-Parking-Software haben wir hier f\u00fcr Sie zusammengetragen. Was die Software leistet und was nicht.","og_url":"https:\/\/www.airport-parking-software.com\/de\/faq\/","og_site_name":"Airport-Parking-Software.com - Die L\u00f6sung f\u00fcr Ihren Parkplatz am Flughafen","article_modified_time":"2019-08-31T16:27:55+00:00","twitter_card":"summary_large_image","twitter_misc":{"Gesch\u00e4tzte Lesezeit":"4\u00a0Minuten"},"schema":{"@context":"https:\/\/schema.org","@graph":[{"@type":"WebPage","@id":"https:\/\/www.airport-parking-software.com\/de\/faq\/","url":"https:\/\/www.airport-parking-software.com\/de\/faq\/","name":"FAQ - Ihre oft gestellten Fragen zur Airport-Parking-Software","isPartOf":{"@id":"https:\/\/www.airport-parking-software.com\/de\/#website"},"datePublished":"2019-07-18T14:06:54+00:00","dateModified":"2019-08-31T16:27:55+00:00","description":"Die oft gestellten Fragen unserer Kunden zur Airport-Parking-Software haben wir hier f\u00fcr Sie zusammengetragen. Was die Software leistet und was nicht.","breadcrumb":{"@id":"https:\/\/www.airport-parking-software.com\/de\/faq\/#breadcrumb"},"inLanguage":"de","potentialAction":[{"@type":"ReadAction","target":["https:\/\/www.airport-parking-software.com\/de\/faq\/"]}]},{"@type":"BreadcrumbList","@id":"https:\/\/www.airport-parking-software.com\/de\/faq\/#breadcrumb","itemListElement":[{"@type":"ListItem","position":1,"name":"Startseite","item":"https:\/\/www.airport-parking-software.com\/de\/"},{"@type":"ListItem","position":2,"name":"FAQ"}]},{"@type":"WebSite","@id":"https:\/\/www.airport-parking-software.com\/de\/#website","url":"https:\/\/www.airport-parking-software.com\/de\/","name":"Airport-Parking-Software.com | Die L\u00f6sung f\u00fcr Ihren Parkplatz am Flughafen","description":"","potentialAction":[{"@type":"SearchAction","target":{"@type":"EntryPoint","urlTemplate":"https:\/\/www.airport-parking-software.com\/de\/?s={search_term_string}"},"query-input":{"@type":"PropertyValueSpecification","valueRequired":true,"valueName":"search_term_string"}}],"inLanguage":"de"}]}},"_links":{"self":[{"href":"https:\/\/www.airport-parking-software.com\/de\/wp-json\/wp\/v2\/pages\/3335","targetHints":{"allow":["GET"]}}],"collection":[{"href":"https:\/\/www.airport-parking-software.com\/de\/wp-json\/wp\/v2\/pages"}],"about":[{"href":"https:\/\/www.airport-parking-software.com\/de\/wp-json\/wp\/v2\/types\/page"}],"author":[{"embeddable":true,"href":"https:\/\/www.airport-parking-software.com\/de\/wp-json\/wp\/v2\/users\/1"}],"replies":[{"embeddable":true,"href":"https:\/\/www.airport-parking-software.com\/de\/wp-json\/wp\/v2\/comments?post=3335"}],"version-history":[{"count":16,"href":"https:\/\/www.airport-parking-software.com\/de\/wp-json\/wp\/v2\/pages\/3335\/revisions"}],"predecessor-version":[{"id":3740,"href":"https:\/\/www.airport-parking-software.com\/de\/wp-json\/wp\/v2\/pages\/3335\/revisions\/3740"}],"wp:attachment":[{"href":"https:\/\/www.airport-parking-software.com\/de\/wp-json\/wp\/v2\/media?parent=3335"}],"curies":[{"name":"wp","href":"https:\/\/api.w.org\/{rel}","templated":true}]}}