{"id":3175,"date":"2019-06-28T23:27:57","date_gmt":"2019-06-28T21:27:57","guid":{"rendered":"https:\/\/www.airport-parking-software.com\/?page_id=3175"},"modified":"2019-07-22T18:58:41","modified_gmt":"2019-07-22T16:58:41","slug":"zusatzleistungen","status":"publish","type":"page","link":"https:\/\/www.airport-parking-software.com\/de\/zusatzleistungen\/","title":{"rendered":"Agentur"},"content":{"rendered":"<section class=\"l-section wpb_row height_medium\"><div class=\"l-section-h i-cf\"><div class=\"g-cols vc_row via_flex valign_top type_default stacking_default\"><div class=\"vc_col-sm-12 wpb_column vc_column_container\"><div class=\"vc_column-inner\"><div class=\"wpb_wrapper\"><div class=\"wpb_text_column\"><div class=\"wpb_wrapper\"><h1>4C MEDIA &#8211; PARKEN &amp; MEHR<\/h1>\n<\/div><\/div><\/div><\/div><\/div><\/div><\/div><\/section><section class=\"l-section wpb_row height_medium\"><div class=\"l-section-h i-cf\"><div class=\"g-cols vc_row via_flex valign_top type_default stacking_default\"><div class=\"vc_col-sm-8 wpb_column vc_column_container\"><div class=\"vc_column-inner\"><div class=\"wpb_wrapper\"><div class=\"wpb_text_column\"><div class=\"wpb_wrapper\"><p>4C Media ist mit verschiedenen professionellen Partnern aus den unterschiedlichsten Onlinedisziplinen seit \u00fcber 15 Jahren eng vernetzt und aktiv. Seit 2011 gibt es die Airport-Parking-Software und diese l\u00e4uft stabil bei den Kunden der ersten Stunde.<\/p>\n<p>Der Focus der Agentur liegt seit 2009 auf Onlinemarketing (SEM).<br \/>\nSpeziell auf Suchmaschinenoptimierung (SEO) &amp; auf die Optimierung von Bing Kampagnen bzw. Google Ads Kampagnen (SEA).<\/p>\n<p>Wir haben also nicht nur jahrelange Erfahrung in der Optimierung von Prozessen f\u00fcr den erfolgreichen Betrieb eines Parkplatzes am Flughafen, sondern haben auch viele Webseiten f\u00fcr die Kunden aus den unterschiedlichsten Branchen entwickelt und mit Online-Werbekampagnen &amp; SEO zum Erfolg gef\u00fchrt.<\/p>\n<\/div><\/div><\/div><\/div><\/div><div class=\"vc_col-sm-4 wpb_column vc_column_container\"><div class=\"vc_column-inner\"><div class=\"wpb_wrapper\"><div class=\"w-image style_shadow-1 align_none\"><div class=\"w-image-h\"><img decoding=\"async\" width=\"161\" height=\"235\" src=\"https:\/\/www.airport-parking-software.com\/wp-content\/uploads\/2019\/06\/kaempf-4c-media.jpg\" class=\"attachment-large size-large\" alt=\"4C-Media Karl-Georg Kaempf\" loading=\"lazy\" \/><\/div><\/div><div class=\"wpb_text_column\"><div class=\"wpb_wrapper\"><p><small>Ihr Ansprechpartner:<br \/>\nKarl-Georg Kaempf<br \/>\nTel: +49-(0)160 &#8211; 91 31 95 41<br \/>\nEMail: karl-georg@4c-media.berlin<\/small><\/p>\n<\/div><\/div><\/div><\/div><\/div><\/div><\/div><\/section><section class=\"l-section wpb_row height_medium\"><div class=\"l-section-h i-cf\"><div class=\"g-cols vc_row via_flex valign_top type_default stacking_default\"><div class=\"vc_col-sm-4 wpb_column vc_column_container\"><div class=\"vc_column-inner\"><div class=\"wpb_wrapper\"><div class=\"wpb_text_column\"><div class=\"wpb_wrapper\"><h2>Design<\/h2>\n<ul>\n<li>Logodesign<\/li>\n<li>Cooperate Identity<\/li>\n<\/ul>\n<\/div><\/div><\/div><\/div><\/div><div class=\"vc_col-sm-4 wpb_column vc_column_container\"><div class=\"vc_column-inner\"><div class=\"wpb_wrapper\"><div class=\"wpb_text_column\"><div class=\"wpb_wrapper\"><h2>Webdesign<\/h2>\n<ul>\n<li>Responsive Webdesign<\/li>\n<li>Texterstellung<\/li>\n<li>\u00dcbersetzung<\/li>\n<li>Cooperate Identity<\/li>\n<\/ul>\n<\/div><\/div><\/div><\/div><\/div><div class=\"vc_col-sm-4 wpb_column vc_column_container\"><div class=\"vc_column-inner\"><div class=\"wpb_wrapper\"><div class=\"wpb_text_column\"><div class=\"wpb_wrapper\"><h2>Onlinemarketing<\/h2>\n<ul>\n<li>Suchmaschienenoptimierung (SEO)<\/li>\n<li>Local SEO<\/li>\n<li>Suchmaschinenwerbung (SEA)<\/li>\n<\/ul>\n<\/div><\/div><\/div><\/div><\/div><\/div><\/div><\/section><section class=\"l-section wpb_row height_medium\"><div class=\"l-section-h i-cf\"><div class=\"g-cols vc_row via_flex valign_top type_default stacking_default\"><div class=\"vc_col-sm-12 wpb_column vc_column_container\"><div class=\"vc_column-inner\"><div class=\"wpb_wrapper\"><div class=\"w-separator size_medium\"><\/div><div class=\"wpb_text_column\"><div class=\"wpb_wrapper\"><h2>Individualprogrammierung<\/h2>\n<p>Unsere Entwickler sprechen jede Sprache, die es braucht, um webbasierte Anwendungen zu entwickeln oder zu erweitern.<\/p>\n<\/div><\/div><div class=\"w-separator size_medium\"><\/div><div class=\"wpb_text_column\"><div class=\"wpb_wrapper\"><p>Sie m\u00f6chten auch Ihre Firma gut betreut wissen? Dann fragen Sie uns! Wir k\u00f6nnen Sie aktiv betreuen oder schulen Ihre Mitarbeiter.<\/p>\n<\/div><\/div><\/div><\/div><\/div><\/div><\/div><\/section><section class=\"l-section wpb_row height_medium\"><div class=\"l-section-h i-cf\"><div class=\"g-cols vc_row via_flex valign_top type_default stacking_default\"><div class=\"vc_col-sm-12 wpb_column vc_column_container\"><div class=\"vc_column-inner\"><div class=\"wpb_wrapper\"><div class=\"w-separator size_medium\"><\/div><div class=\"w-btn-wrapper align_center\"><a class=\"w-btn us-btn-style_6\" title=\"Kontakt\" href=\"https:\/\/www.airport-parking-software.com\/kontakt\/\"><span class=\"w-btn-label\">Jetzt Beratungstermin vereinbaren<\/span><\/a><\/div><\/div><\/div><\/div><\/div><\/div><\/section><section class=\"l-section wpb_row height_medium\"><div class=\"l-section-h i-cf\"><div class=\"g-cols vc_row via_flex valign_top type_default stacking_default\"><div class=\"vc_col-sm-4 wpb_column vc_column_container\"><div class=\"vc_column-inner\"><div class=\"wpb_wrapper\"><\/div><\/div><\/div><div class=\"vc_col-sm-4 wpb_column vc_column_container\"><div class=\"vc_column-inner\"><div class=\"wpb_wrapper\"><\/div><\/div><\/div><div class=\"vc_col-sm-4 wpb_column vc_column_container\"><div class=\"vc_column-inner\"><div class=\"wpb_wrapper\"><\/div><\/div><\/div><\/div><\/div><\/section>\n","protected":false},"excerpt":{"rendered":"4C MEDIA &#8211; PARKEN &amp; MEHR 4C Media ist mit verschiedenen professionellen Partnern aus den unterschiedlichsten Onlinedisziplinen seit \u00fcber 15 Jahren eng vernetzt und aktiv. Seit 2011 gibt es die Airport-Parking-Software und diese l\u00e4uft stabil bei den Kunden der ersten Stunde. Der Focus der Agentur liegt seit 2009 auf Onlinemarketing (SEM). Speziell auf Suchmaschinenoptimierung (SEO)...","protected":false},"author":1,"featured_media":0,"parent":0,"menu_order":0,"comment_status":"closed","ping_status":"closed","template":"","meta":{"footnotes":""},"class_list":["post-3175","page","type-page","status-publish","hentry"],"yoast_head":"<!-- This site is optimized with the Yoast SEO plugin v24.8.1 - https:\/\/yoast.com\/wordpress\/plugins\/seo\/ -->\n<title>4C Media Berlin | Mehr als Parkplatzsoftware &amp; prof. Onlinemarketing<\/title>\n<meta name=\"description\" content=\"4C Media ist neben der Parking-Software ihr Dienstleister, wenn es um Webdesign &amp; Onlinemarketing geht. Jahrelange Erfahrung = Top Ergebnisse -&gt; garantiert!\" \/>\n<meta name=\"robots\" content=\"index, follow, max-snippet:-1, max-image-preview:large, max-video-preview:-1\" \/>\n<link rel=\"canonical\" href=\"https:\/\/www.airport-parking-software.com\/de\/zusatzleistungen\/\" \/>\n<meta property=\"og:locale\" content=\"de_DE\" \/>\n<meta property=\"og:type\" content=\"article\" \/>\n<meta property=\"og:title\" content=\"4C Media Berlin | Mehr als Parkplatzsoftware &amp; prof. Onlinemarketing\" \/>\n<meta property=\"og:description\" content=\"4C Media ist neben der Parking-Software ihr Dienstleister, wenn es um Webdesign &amp; Onlinemarketing geht. Jahrelange Erfahrung = Top Ergebnisse -&gt; garantiert!\" \/>\n<meta property=\"og:url\" content=\"https:\/\/www.airport-parking-software.com\/de\/zusatzleistungen\/\" \/>\n<meta property=\"og:site_name\" content=\"Airport-Parking-Software.com - Die L\u00f6sung f\u00fcr Ihren Parkplatz am Flughafen\" \/>\n<meta property=\"article:modified_time\" content=\"2019-07-22T16:58:41+00:00\" \/>\n<meta name=\"twitter:card\" content=\"summary_large_image\" \/>\n<meta name=\"twitter:label1\" content=\"Gesch\u00e4tzte Lesezeit\" \/>\n\t<meta name=\"twitter:data1\" content=\"2\u00a0Minuten\" \/>\n<script type=\"application\/ld+json\" class=\"yoast-schema-graph\">{\"@context\":\"https:\/\/schema.org\",\"@graph\":[{\"@type\":\"WebPage\",\"@id\":\"https:\/\/www.airport-parking-software.com\/de\/zusatzleistungen\/\",\"url\":\"https:\/\/www.airport-parking-software.com\/de\/zusatzleistungen\/\",\"name\":\"4C Media Berlin | Mehr als Parkplatzsoftware & prof. Onlinemarketing\",\"isPartOf\":{\"@id\":\"https:\/\/www.airport-parking-software.com\/de\/#website\"},\"datePublished\":\"2019-06-28T21:27:57+00:00\",\"dateModified\":\"2019-07-22T16:58:41+00:00\",\"description\":\"4C Media ist neben der Parking-Software ihr Dienstleister, wenn es um Webdesign & Onlinemarketing geht. Jahrelange Erfahrung = Top Ergebnisse -> garantiert!\",\"breadcrumb\":{\"@id\":\"https:\/\/www.airport-parking-software.com\/de\/zusatzleistungen\/#breadcrumb\"},\"inLanguage\":\"de\",\"potentialAction\":[{\"@type\":\"ReadAction\",\"target\":[\"https:\/\/www.airport-parking-software.com\/de\/zusatzleistungen\/\"]}]},{\"@type\":\"BreadcrumbList\",\"@id\":\"https:\/\/www.airport-parking-software.com\/de\/zusatzleistungen\/#breadcrumb\",\"itemListElement\":[{\"@type\":\"ListItem\",\"position\":1,\"name\":\"Startseite\",\"item\":\"https:\/\/www.airport-parking-software.com\/de\/\"},{\"@type\":\"ListItem\",\"position\":2,\"name\":\"Agentur\"}]},{\"@type\":\"WebSite\",\"@id\":\"https:\/\/www.airport-parking-software.com\/de\/#website\",\"url\":\"https:\/\/www.airport-parking-software.com\/de\/\",\"name\":\"Airport-Parking-Software.com | Die L\u00f6sung f\u00fcr Ihren Parkplatz am Flughafen\",\"description\":\"\",\"potentialAction\":[{\"@type\":\"SearchAction\",\"target\":{\"@type\":\"EntryPoint\",\"urlTemplate\":\"https:\/\/www.airport-parking-software.com\/de\/?s={search_term_string}\"},\"query-input\":{\"@type\":\"PropertyValueSpecification\",\"valueRequired\":true,\"valueName\":\"search_term_string\"}}],\"inLanguage\":\"de\"}]}<\/script>\n<!-- \/ Yoast SEO plugin. -->","yoast_head_json":{"title":"4C Media Berlin | Mehr als Parkplatzsoftware & prof. Onlinemarketing","description":"4C Media ist neben der Parking-Software ihr Dienstleister, wenn es um Webdesign & Onlinemarketing geht. Jahrelange Erfahrung = Top Ergebnisse -> garantiert!","robots":{"index":"index","follow":"follow","max-snippet":"max-snippet:-1","max-image-preview":"max-image-preview:large","max-video-preview":"max-video-preview:-1"},"canonical":"https:\/\/www.airport-parking-software.com\/de\/zusatzleistungen\/","og_locale":"de_DE","og_type":"article","og_title":"4C Media Berlin | Mehr als Parkplatzsoftware & prof. Onlinemarketing","og_description":"4C Media ist neben der Parking-Software ihr Dienstleister, wenn es um Webdesign & Onlinemarketing geht. Jahrelange Erfahrung = Top Ergebnisse -> garantiert!","og_url":"https:\/\/www.airport-parking-software.com\/de\/zusatzleistungen\/","og_site_name":"Airport-Parking-Software.com - Die L\u00f6sung f\u00fcr Ihren Parkplatz am Flughafen","article_modified_time":"2019-07-22T16:58:41+00:00","twitter_card":"summary_large_image","twitter_misc":{"Gesch\u00e4tzte Lesezeit":"2\u00a0Minuten"},"schema":{"@context":"https:\/\/schema.org","@graph":[{"@type":"WebPage","@id":"https:\/\/www.airport-parking-software.com\/de\/zusatzleistungen\/","url":"https:\/\/www.airport-parking-software.com\/de\/zusatzleistungen\/","name":"4C Media Berlin | Mehr als Parkplatzsoftware & prof. Onlinemarketing","isPartOf":{"@id":"https:\/\/www.airport-parking-software.com\/de\/#website"},"datePublished":"2019-06-28T21:27:57+00:00","dateModified":"2019-07-22T16:58:41+00:00","description":"4C Media ist neben der Parking-Software ihr Dienstleister, wenn es um Webdesign & Onlinemarketing geht. Jahrelange Erfahrung = Top Ergebnisse -> garantiert!","breadcrumb":{"@id":"https:\/\/www.airport-parking-software.com\/de\/zusatzleistungen\/#breadcrumb"},"inLanguage":"de","potentialAction":[{"@type":"ReadAction","target":["https:\/\/www.airport-parking-software.com\/de\/zusatzleistungen\/"]}]},{"@type":"BreadcrumbList","@id":"https:\/\/www.airport-parking-software.com\/de\/zusatzleistungen\/#breadcrumb","itemListElement":[{"@type":"ListItem","position":1,"name":"Startseite","item":"https:\/\/www.airport-parking-software.com\/de\/"},{"@type":"ListItem","position":2,"name":"Agentur"}]},{"@type":"WebSite","@id":"https:\/\/www.airport-parking-software.com\/de\/#website","url":"https:\/\/www.airport-parking-software.com\/de\/","name":"Airport-Parking-Software.com | Die L\u00f6sung f\u00fcr Ihren Parkplatz am Flughafen","description":"","potentialAction":[{"@type":"SearchAction","target":{"@type":"EntryPoint","urlTemplate":"https:\/\/www.airport-parking-software.com\/de\/?s={search_term_string}"},"query-input":{"@type":"PropertyValueSpecification","valueRequired":true,"valueName":"search_term_string"}}],"inLanguage":"de"}]}},"_links":{"self":[{"href":"https:\/\/www.airport-parking-software.com\/de\/wp-json\/wp\/v2\/pages\/3175","targetHints":{"allow":["GET"]}}],"collection":[{"href":"https:\/\/www.airport-parking-software.com\/de\/wp-json\/wp\/v2\/pages"}],"about":[{"href":"https:\/\/www.airport-parking-software.com\/de\/wp-json\/wp\/v2\/types\/page"}],"author":[{"embeddable":true,"href":"https:\/\/www.airport-parking-software.com\/de\/wp-json\/wp\/v2\/users\/1"}],"replies":[{"embeddable":true,"href":"https:\/\/www.airport-parking-software.com\/de\/wp-json\/wp\/v2\/comments?post=3175"}],"version-history":[{"count":27,"href":"https:\/\/www.airport-parking-software.com\/de\/wp-json\/wp\/v2\/pages\/3175\/revisions"}],"predecessor-version":[{"id":3531,"href":"https:\/\/www.airport-parking-software.com\/de\/wp-json\/wp\/v2\/pages\/3175\/revisions\/3531"}],"wp:attachment":[{"href":"https:\/\/www.airport-parking-software.com\/de\/wp-json\/wp\/v2\/media?parent=3175"}],"curies":[{"name":"wp","href":"https:\/\/api.w.org\/{rel}","templated":true}]}}