{"id":11,"date":"2019-06-12T20:36:08","date_gmt":"2019-06-12T18:36:08","guid":{"rendered":"https:\/\/www.airport-parking-software.com\/?page_id=11"},"modified":"2021-09-18T14:21:20","modified_gmt":"2021-09-18T12:21:20","slug":"kontakt","status":"publish","type":"page","link":"https:\/\/www.airport-parking-software.com\/de\/kontakt\/","title":{"rendered":"Kontakt"},"content":{"rendered":"<section class=\"l-section wpb_row height_medium\"><div class=\"l-section-h i-cf\"><div class=\"g-cols vc_row via_flex valign_top type_default stacking_default\"><div class=\"vc_col-sm-3 wpb_column vc_column_container\"><div class=\"vc_column-inner\"><div class=\"wpb_wrapper\"><div class=\"w-image style_shadow-1 align_none\"><div class=\"w-image-h\"><img decoding=\"async\" width=\"161\" height=\"235\" src=\"https:\/\/www.airport-parking-software.com\/wp-content\/uploads\/2019\/06\/kaempf-4c-media.jpg\" class=\"attachment-large size-large\" alt=\"4C-Media Karl-Georg Kaempf\" loading=\"lazy\" \/><\/div><\/div><div class=\"wpb_text_column\"><div class=\"wpb_wrapper\"><p><small>F\u00fcr spontante Anfragen erreichen Sie mich unter: <a href=\"tel:+4916091319541\">+49 (0)160 &#8211; 91 31 9541<\/a><\/small><\/p>\n<\/div><\/div><\/div><\/div><\/div><div class=\"vc_col-sm-9 wpb_column vc_column_container\"><div class=\"vc_column-inner\"><div class=\"wpb_wrapper\"><div class=\"wpb_text_column us_custom_7d3304b7\"><div class=\"wpb_wrapper\"><h1>Kontakt\/ Anfrage<\/h1>\n<\/div><\/div><div class=\"wpb_text_column\"><div class=\"wpb_wrapper\"><\/div><\/div><div class=\"wpb_text_column\"><div class=\"wpb_wrapper\"><p>Lassen Sie sich von unserer L\u00f6sung und unserem Service \u00fcberzeugen und fordern Sie eine individuelle Beratung an, vollkommen kostenlos und unverbindlich.<\/p>\n<p>F\u00fcllen Sie ganz bequem das untenstehende Formular aus, wir melden uns schnellstm\u00f6glich bei Ihnen zur\u00fcck \u2013 ob per Telefon oder EMail.<\/p>\n<\/div><\/div><div class=\"w-separator size_medium\"><\/div><div class=\"wpb_text_column\"><div class=\"wpb_wrapper\">\n<div class=\"wpcf7 no-js\" id=\"wpcf7-f5-o1\" lang=\"de-DE\" dir=\"ltr\" data-wpcf7-id=\"5\">\n<div class=\"screen-reader-response\"><p role=\"status\" aria-live=\"polite\" aria-atomic=\"true\"><\/p> <ul><\/ul><\/div>\n<form action=\"\/de\/wp-json\/wp\/v2\/pages\/11#wpcf7-f5-o1\" method=\"post\" class=\"wpcf7-form init\" aria-label=\"Kontaktformular\" novalidate=\"novalidate\" data-status=\"init\">\n<fieldset class=\"hidden-fields-container\"><input type=\"hidden\" name=\"_wpcf7\" value=\"5\" \/><input type=\"hidden\" name=\"_wpcf7_version\" value=\"6.1.5\" \/><input type=\"hidden\" name=\"_wpcf7_locale\" value=\"de_DE\" \/><input type=\"hidden\" name=\"_wpcf7_unit_tag\" value=\"wpcf7-f5-o1\" \/><input type=\"hidden\" name=\"_wpcf7_container_post\" value=\"0\" \/><input type=\"hidden\" name=\"_wpcf7_posted_data_hash\" value=\"\" \/><input type=\"hidden\" name=\"_wpcf7_recaptcha_response\" value=\"\" \/>\n<\/fieldset>\n<p><label> Name (Pflichtfeld)<br \/>\n<span class=\"wpcf7-form-control-wrap\" data-name=\"your-name\"><input size=\"40\" maxlength=\"400\" class=\"wpcf7-form-control wpcf7-text wpcf7-validates-as-required\" aria-required=\"true\" aria-invalid=\"false\" value=\"\" type=\"text\" name=\"your-name\" \/><\/span> <\/label>\n<\/p>\n<p><label> EMail-Adresse (Pflichtfeld)<br \/>\n<span class=\"wpcf7-form-control-wrap\" data-name=\"your-email\"><input size=\"40\" maxlength=\"400\" class=\"wpcf7-form-control wpcf7-email wpcf7-validates-as-required wpcf7-text wpcf7-validates-as-email\" aria-required=\"true\" aria-invalid=\"false\" value=\"\" type=\"email\" name=\"your-email\" \/><\/span> <\/label>\n<\/p>\n<p><label> Telefon<br \/>\n<span class=\"wpcf7-form-control-wrap\" data-name=\"tel-786\"><input size=\"40\" maxlength=\"400\" class=\"wpcf7-form-control wpcf7-tel wpcf7-validates-as-required wpcf7-text wpcf7-validates-as-tel\" aria-required=\"true\" aria-invalid=\"false\" placeholder=\"Tel\" value=\"\" type=\"tel\" name=\"tel-786\" \/><\/span> <\/label>\n<\/p>\n<p><label> Betreff<br \/>\n<span class=\"wpcf7-form-control-wrap\" data-name=\"your-subject\"><input size=\"40\" maxlength=\"400\" class=\"wpcf7-form-control wpcf7-text\" aria-invalid=\"false\" value=\"\" type=\"text\" name=\"your-subject\" \/><\/span> <\/label>\n<\/p>\n<p><label> Nachrichtentext<br \/>\n<span class=\"wpcf7-form-control-wrap\" data-name=\"your-message\"><textarea cols=\"40\" rows=\"10\" maxlength=\"2000\" class=\"wpcf7-form-control wpcf7-textarea\" aria-invalid=\"false\" name=\"your-message\"><\/textarea><\/span> <\/label>\n<\/p>\n<p><span class=\"wpcf7-form-control-wrap wpgdprc\"><span class=\"wpcf7-form-control wpcf7-wpgdprc wpcf7-validates-as-required\"><span class=\"wpcf7-list-item\"><input type=\"checkbox\" name=\"wpgdprc\" value=\"1\" aria-required=\"true\" aria-invalid=\"false\" \/><span class=\"wpcf7-list-item-label\">Mit der Nutzung dieses Formulars erkl\u00e4ren Sie sich mit der Speicherung und Verarbeitung Ihrer Daten durch diese Website einverstanden.<\/span><\/span><\/span>    <\/span>\n<\/p>\n\n<p><input class=\"wpcf7-form-control wpcf7-submit has-spinner\" type=\"submit\" value=\"Kontaktanfrage senden\" \/>\n<\/p><div class=\"wpcf7-response-output\" aria-hidden=\"true\"><\/div>\n<\/form>\n<\/div>\n\n<\/div><\/div><\/div><\/div><\/div><\/div><\/div><\/section>\n","protected":false},"excerpt":{"rendered":"F\u00fcr spontante Anfragen erreichen Sie mich unter: +49 (0)160 &#8211; 91 31 9541 Kontakt\/ Anfrage Lassen Sie sich von unserer L\u00f6sung und unserem Service \u00fcberzeugen und fordern Sie eine individuelle Beratung an, vollkommen kostenlos und unverbindlich. F\u00fcllen Sie ganz bequem das untenstehende Formular aus, wir melden uns schnellstm\u00f6glich bei Ihnen zur\u00fcck \u2013 ob per Telefon...","protected":false},"author":1,"featured_media":0,"parent":0,"menu_order":0,"comment_status":"closed","ping_status":"closed","template":"","meta":{"footnotes":""},"class_list":["post-11","page","type-page","status-publish","hentry"],"yoast_head":"<!-- This site is optimized with the Yoast SEO plugin v27.5 - https:\/\/yoast.com\/product\/yoast-seo-wordpress\/ -->\n<title>Kontakt | Airport-Parking-Software -&gt; die beste L\u00f6sung f\u00fcr Ihren Parkplatz<\/title>\n<meta name=\"description\" content=\"Sie haben Fragen zur Airport Parking Software und m\u00f6chten weiter beraten werden? Nehmen Sie hier Kontakt mit uns auf. Wir helfen Ihnen gerne weiter!\" \/>\n<meta name=\"robots\" content=\"index, follow, max-snippet:-1, max-image-preview:large, max-video-preview:-1\" \/>\n<link rel=\"canonical\" href=\"https:\/\/www.airport-parking-software.com\/de\/kontakt\/\" \/>\n<meta property=\"og:locale\" content=\"de_DE\" \/>\n<meta property=\"og:type\" content=\"article\" \/>\n<meta property=\"og:title\" content=\"Kontakt | Airport-Parking-Software -&gt; die beste L\u00f6sung f\u00fcr Ihren Parkplatz\" \/>\n<meta property=\"og:description\" content=\"Sie haben Fragen zur Airport Parking Software und m\u00f6chten weiter beraten werden? Nehmen Sie hier Kontakt mit uns auf. Wir helfen Ihnen gerne weiter!\" \/>\n<meta property=\"og:url\" content=\"https:\/\/www.airport-parking-software.com\/de\/kontakt\/\" \/>\n<meta property=\"og:site_name\" content=\"Airport-Parking-Software.com - Die L\u00f6sung f\u00fcr Ihren Parkplatz am Flughafen\" \/>\n<meta property=\"article:modified_time\" content=\"2021-09-18T12:21:20+00:00\" \/>\n<meta name=\"twitter:card\" content=\"summary_large_image\" \/>\n<meta name=\"twitter:label1\" content=\"Gesch\u00e4tzte Lesezeit\" \/>\n\t<meta name=\"twitter:data1\" content=\"1\u00a0Minute\" \/>\n<script type=\"application\/ld+json\" class=\"yoast-schema-graph\">{\"@context\":\"https:\\\/\\\/schema.org\",\"@graph\":[{\"@type\":\"WebPage\",\"@id\":\"https:\\\/\\\/www.airport-parking-software.com\\\/de\\\/kontakt\\\/\",\"url\":\"https:\\\/\\\/www.airport-parking-software.com\\\/de\\\/kontakt\\\/\",\"name\":\"Kontakt | Airport-Parking-Software -> die beste L\u00f6sung f\u00fcr Ihren Parkplatz\",\"isPartOf\":{\"@id\":\"https:\\\/\\\/www.airport-parking-software.com\\\/de\\\/#website\"},\"datePublished\":\"2019-06-12T18:36:08+00:00\",\"dateModified\":\"2021-09-18T12:21:20+00:00\",\"description\":\"Sie haben Fragen zur Airport Parking Software und m\u00f6chten weiter beraten werden? Nehmen Sie hier Kontakt mit uns auf. Wir helfen Ihnen gerne weiter!\",\"breadcrumb\":{\"@id\":\"https:\\\/\\\/www.airport-parking-software.com\\\/de\\\/kontakt\\\/#breadcrumb\"},\"inLanguage\":\"de\",\"potentialAction\":[{\"@type\":\"ReadAction\",\"target\":[\"https:\\\/\\\/www.airport-parking-software.com\\\/de\\\/kontakt\\\/\"]}]},{\"@type\":\"BreadcrumbList\",\"@id\":\"https:\\\/\\\/www.airport-parking-software.com\\\/de\\\/kontakt\\\/#breadcrumb\",\"itemListElement\":[{\"@type\":\"ListItem\",\"position\":1,\"name\":\"Startseite\",\"item\":\"https:\\\/\\\/www.airport-parking-software.com\\\/de\\\/\"},{\"@type\":\"ListItem\",\"position\":2,\"name\":\"Kontakt\"}]},{\"@type\":\"WebSite\",\"@id\":\"https:\\\/\\\/www.airport-parking-software.com\\\/de\\\/#website\",\"url\":\"https:\\\/\\\/www.airport-parking-software.com\\\/de\\\/\",\"name\":\"Airport-Parking-Software.com | Die L\u00f6sung f\u00fcr Ihren Parkplatz am Flughafen\",\"description\":\"\",\"potentialAction\":[{\"@type\":\"SearchAction\",\"target\":{\"@type\":\"EntryPoint\",\"urlTemplate\":\"https:\\\/\\\/www.airport-parking-software.com\\\/de\\\/?s={search_term_string}\"},\"query-input\":{\"@type\":\"PropertyValueSpecification\",\"valueRequired\":true,\"valueName\":\"search_term_string\"}}],\"inLanguage\":\"de\"}]}<\/script>\n<!-- \/ Yoast SEO plugin. -->","yoast_head_json":{"title":"Kontakt | Airport-Parking-Software -> die beste L\u00f6sung f\u00fcr Ihren Parkplatz","description":"Sie haben Fragen zur Airport Parking Software und m\u00f6chten weiter beraten werden? Nehmen Sie hier Kontakt mit uns auf. Wir helfen Ihnen gerne weiter!","robots":{"index":"index","follow":"follow","max-snippet":"max-snippet:-1","max-image-preview":"max-image-preview:large","max-video-preview":"max-video-preview:-1"},"canonical":"https:\/\/www.airport-parking-software.com\/de\/kontakt\/","og_locale":"de_DE","og_type":"article","og_title":"Kontakt | Airport-Parking-Software -> die beste L\u00f6sung f\u00fcr Ihren Parkplatz","og_description":"Sie haben Fragen zur Airport Parking Software und m\u00f6chten weiter beraten werden? Nehmen Sie hier Kontakt mit uns auf. Wir helfen Ihnen gerne weiter!","og_url":"https:\/\/www.airport-parking-software.com\/de\/kontakt\/","og_site_name":"Airport-Parking-Software.com - Die L\u00f6sung f\u00fcr Ihren Parkplatz am Flughafen","article_modified_time":"2021-09-18T12:21:20+00:00","twitter_card":"summary_large_image","twitter_misc":{"Gesch\u00e4tzte Lesezeit":"1\u00a0Minute"},"schema":{"@context":"https:\/\/schema.org","@graph":[{"@type":"WebPage","@id":"https:\/\/www.airport-parking-software.com\/de\/kontakt\/","url":"https:\/\/www.airport-parking-software.com\/de\/kontakt\/","name":"Kontakt | Airport-Parking-Software -> die beste L\u00f6sung f\u00fcr Ihren Parkplatz","isPartOf":{"@id":"https:\/\/www.airport-parking-software.com\/de\/#website"},"datePublished":"2019-06-12T18:36:08+00:00","dateModified":"2021-09-18T12:21:20+00:00","description":"Sie haben Fragen zur Airport Parking Software und m\u00f6chten weiter beraten werden? Nehmen Sie hier Kontakt mit uns auf. Wir helfen Ihnen gerne weiter!","breadcrumb":{"@id":"https:\/\/www.airport-parking-software.com\/de\/kontakt\/#breadcrumb"},"inLanguage":"de","potentialAction":[{"@type":"ReadAction","target":["https:\/\/www.airport-parking-software.com\/de\/kontakt\/"]}]},{"@type":"BreadcrumbList","@id":"https:\/\/www.airport-parking-software.com\/de\/kontakt\/#breadcrumb","itemListElement":[{"@type":"ListItem","position":1,"name":"Startseite","item":"https:\/\/www.airport-parking-software.com\/de\/"},{"@type":"ListItem","position":2,"name":"Kontakt"}]},{"@type":"WebSite","@id":"https:\/\/www.airport-parking-software.com\/de\/#website","url":"https:\/\/www.airport-parking-software.com\/de\/","name":"Airport-Parking-Software.com | Die L\u00f6sung f\u00fcr Ihren Parkplatz am Flughafen","description":"","potentialAction":[{"@type":"SearchAction","target":{"@type":"EntryPoint","urlTemplate":"https:\/\/www.airport-parking-software.com\/de\/?s={search_term_string}"},"query-input":{"@type":"PropertyValueSpecification","valueRequired":true,"valueName":"search_term_string"}}],"inLanguage":"de"}]}},"_links":{"self":[{"href":"https:\/\/www.airport-parking-software.com\/de\/wp-json\/wp\/v2\/pages\/11","targetHints":{"allow":["GET"]}}],"collection":[{"href":"https:\/\/www.airport-parking-software.com\/de\/wp-json\/wp\/v2\/pages"}],"about":[{"href":"https:\/\/www.airport-parking-software.com\/de\/wp-json\/wp\/v2\/types\/page"}],"author":[{"embeddable":true,"href":"https:\/\/www.airport-parking-software.com\/de\/wp-json\/wp\/v2\/users\/1"}],"replies":[{"embeddable":true,"href":"https:\/\/www.airport-parking-software.com\/de\/wp-json\/wp\/v2\/comments?post=11"}],"version-history":[{"count":23,"href":"https:\/\/www.airport-parking-software.com\/de\/wp-json\/wp\/v2\/pages\/11\/revisions"}],"predecessor-version":[{"id":4339,"href":"https:\/\/www.airport-parking-software.com\/de\/wp-json\/wp\/v2\/pages\/11\/revisions\/4339"}],"wp:attachment":[{"href":"https:\/\/www.airport-parking-software.com\/de\/wp-json\/wp\/v2\/media?parent=11"}],"curies":[{"name":"wp","href":"https:\/\/api.w.org\/{rel}","templated":true}]}}